{"id":685,"date":"2022-02-04T09:03:24","date_gmt":"2022-02-04T09:03:24","guid":{"rendered":"https:\/\/tekspan.co.uk\/?page_id=685"},"modified":"2025-02-11T16:43:10","modified_gmt":"2025-02-11T16:43:10","slug":"datenschutzbestimmungen","status":"publish","type":"page","link":"https:\/\/tekspan.com\/de\/datenschutzbestimmungen\/","title":{"rendered":"Datenschutzbestimmungen"},"content":{"rendered":"<div data-elementor-type=\"wp-page\" data-elementor-id=\"685\" class=\"elementor elementor-685\" data-elementor-post-type=\"page\">\n\t\t\t\t\t\t<section class=\"elementor-section elementor-top-section elementor-element elementor-element-dd47ad4 elementor-section-boxed elementor-section-height-default elementor-section-height-default\" data-id=\"dd47ad4\" data-element_type=\"section\">\n\t\t\t\t\t\t<div class=\"elementor-container elementor-column-gap-default\">\n\t\t\t\t\t<div class=\"elementor-column elementor-col-100 elementor-top-column elementor-element elementor-element-0fc7be1\" data-id=\"0fc7be1\" data-element_type=\"column\">\n\t\t\t<div class=\"elementor-widget-wrap elementor-element-populated\">\n\t\t\t\t\t\t<div class=\"elementor-element elementor-element-d4038d1 elementor-widget elementor-widget-text-editor\" data-id=\"d4038d1\" data-element_type=\"widget\" data-widget_type=\"text-editor.default\">\n\t\t\t\t<div class=\"elementor-widget-container\">\n\t\t\t\t\t\t\t\t\t<p>In dieser Datenschutzrichtlinie wird dargelegt, wie TekSpan die Informationen, die Sie TekSpan bei der Nutzung dieser Website zur Verf\u00fcgung stellen, verwendet und sch\u00fctzt.<\/p><p>TekSpan setzt sich daf\u00fcr ein, dass Ihre Privatsph\u00e4re gesch\u00fctzt wird. Sollten wir Sie bei der Nutzung dieser Website um die Angabe bestimmter Informationen bitten, durch die Sie identifiziert werden k\u00f6nnen, k\u00f6nnen Sie sicher sein, dass diese nur in \u00dcbereinstimmung mit dieser Datenschutzerkl\u00e4rung verwendet werden.<\/p><p>TekSpan kann diese Richtlinie von Zeit zu Zeit durch Aktualisierung dieser Seite \u00e4ndern. Sie sollten diese Seite von Zeit zu Zeit \u00fcberpr\u00fcfen, um sicherzustellen, dass Sie mit allen \u00c4nderungen einverstanden sind. Diese Richtlinie ist ab dem 01.06.2021 g\u00fcltig.<\/p><h4>\u00a0<\/h4><h4>Was wir sammeln<\/h4><p>Wir k\u00f6nnen die folgenden Informationen sammeln:<\/p><ul><li>Name und Berufsbezeichnung<\/li><li>Kontaktinformationen einschlie\u00dflich E-Mail Adresse<\/li><li>demografische Informationen wie Postleitzahl, Vorlieben und Interessen<\/li><li>andere Informationen, die f\u00fcr Kundenumfragen und\/oder Angebote relevant sind<\/li><\/ul><h4>Was wir mit den von uns gesammelten Informationen tun<\/h4><p>Wir ben\u00f6tigen diese Informationen, um Ihre Bed\u00fcrfnisse zu verstehen und Ihnen einen besseren Service bieten zu k\u00f6nnen, und zwar insbesondere aus folgenden Gr\u00fcnden<\/p><ul><li>Interne Buchf\u00fchrung.<\/li><li>Wir k\u00f6nnen die Informationen verwenden, um unsere Produkte und Dienstleistungen zu verbessern.<\/li><li>Es kann sein, dass wir in regelm\u00e4\u00dfigen Abst\u00e4nden Werbe-E-Mails \u00fcber neue Produkte, Sonderangebote oder andere Informationen, die f\u00fcr Sie interessant sein k\u00f6nnten, an die von Ihnen angegebene E-Mail-Adresse senden.<\/li><li>Von Zeit zu Zeit k\u00f6nnen wir Ihre Daten auch verwenden, um Sie zu Marktforschungszwecken zu kontaktieren. Wir k\u00f6nnen Sie per E-Mail, Telefon, Fax oder Post kontaktieren. Wir k\u00f6nnen die Informationen nutzen, um die Website an Ihre Interessen anzupassen.<\/li><\/ul><h4>Sicherheit<\/h4><p>Wir sind bestrebt, die Sicherheit Ihrer Daten zu gew\u00e4hrleisten. Um einen unbefugten Zugriff oder eine unbefugte Offenlegung zu verhindern, haben wir geeignete physische, elektronische und verwaltungstechnische Verfahren zum Schutz und zur Sicherung der von uns online erfassten Daten eingef\u00fchrt.<\/p><h4>Wie wir Cookies verwenden<\/h4><p>Ein Cookie ist eine kleine Datei, die um Erlaubnis bittet, auf der Festplatte Ihres Computers gespeichert zu werden. Wenn Sie zustimmen, wird die Datei hinzugef\u00fcgt und das Cookie hilft bei der Analyse des Webverkehrs oder informiert Sie, wenn Sie eine bestimmte Website besuchen. Cookies erm\u00f6glichen es Webanwendungen, auf Sie als Individuum einzugehen. Die Webanwendung kann ihren Betrieb auf Ihre Bed\u00fcrfnisse, Vorlieben und Abneigungen abstimmen, indem sie Informationen \u00fcber Ihre Vorlieben sammelt und speichert.<\/p><p>Wir verwenden Traffic-Log-Cookies, um festzustellen, welche Seiten genutzt werden. Dies hilft uns, Daten \u00fcber den Webseitenverkehr zu analysieren und unsere Website zu verbessern, um sie an die Bed\u00fcrfnisse unserer Kunden anzupassen. Wir verwenden diese Informationen nur zu statistischen Analysezwecken und l\u00f6schen die Daten anschlie\u00dfend aus dem System.<\/p><p>Insgesamt helfen uns Cookies dabei, Ihnen eine bessere Website zu bieten, indem sie es uns erm\u00f6glichen zu beobachten, welche Seiten Sie n\u00fctzlich finden und welche nicht. Ein Cookie verschafft uns in keiner Weise Zugang zu Ihrem Computer oder zu irgendwelchen Informationen \u00fcber Sie, au\u00dfer den Daten, die Sie mit uns teilen wollen.<\/p><p>Sie k\u00f6nnen w\u00e4hlen, ob Sie Cookies akzeptieren oder ablehnen. Die meisten Webbrowser akzeptieren Cookies automatisch, aber Sie k\u00f6nnen die Einstellungen Ihres Browsers in der Regel so \u00e4ndern, dass Cookies abgelehnt werden, wenn Sie dies w\u00fcnschen. Dies kann dazu f\u00fchren, dass Sie die Vorteile der Website nicht in vollem Umfang nutzen k\u00f6nnen.<\/p><h4>Links zu anderen Websites<\/h4><p>Unsere Website kann Links zu anderen Websites von Interesse enthalten. Wenn Sie jedoch \u00fcber diese Links unsere Website verlassen, sollten Sie beachten, dass wir keine Kontrolle \u00fcber diese andere Website haben. Daher k\u00f6nnen wir nicht f\u00fcr den Schutz und die Vertraulichkeit von Informationen verantwortlich sein, die Sie beim Besuch solcher Websites zur Verf\u00fcgung stellen, und solche Websites unterliegen nicht dieser Datenschutzerkl\u00e4rung. Sie sollten Vorsicht walten lassen und die f\u00fcr die betreffende Website geltende Datenschutzerkl\u00e4rung lesen.<\/p><h4>Kontrolle Ihrer pers\u00f6nlichen Daten<\/h4><p>Sie k\u00f6nnen die Erfassung oder Verwendung Ihrer personenbezogenen Daten auf folgende Weise einschr\u00e4nken:<\/p><ul><li>Wenn Sie auf der Website aufgefordert werden, ein Formular auszuf\u00fcllen, achten Sie auf das K\u00e4stchen, das Sie anklicken k\u00f6nnen, um anzugeben, dass Sie nicht m\u00f6chten, dass diese Informationen von irgendjemandem f\u00fcr Direktmarketingzwecke verwendet werden.<\/li><li>Wenn Sie zuvor zugestimmt haben, dass wir Ihre pers\u00f6nlichen Daten f\u00fcr Direktmarketingzwecke verwenden, k\u00f6nnen Sie Ihre Meinung jederzeit \u00e4ndern, indem Sie uns schreiben oder eine E-Mail an enquiries@tekspan.com senden.<\/li><\/ul><p>Wir werden Ihre pers\u00f6nlichen Daten nicht an Dritte verkaufen, weitergeben oder vermieten, es sei denn, wir haben Ihre Erlaubnis oder sind gesetzlich dazu verpflichtet, dies zu tun. Wir k\u00f6nnen Ihre personenbezogenen Daten verwenden, um Ihnen Werbeinformationen \u00fcber Dritte zuzusenden, von denen wir glauben, dass sie f\u00fcr Sie interessant sein k\u00f6nnten, wenn Sie uns mitteilen, dass Sie dies w\u00fcnschen.<\/p><p>Sie k\u00f6nnen gem\u00e4\u00df dem Data Protection Act 1998 Auskunft \u00fcber die von uns \u00fcber Sie gespeicherten personenbezogenen Daten verlangen. Hierf\u00fcr ist eine geringe Geb\u00fchr zu entrichten. Wenn Sie eine Kopie der \u00fcber Sie gespeicherten Daten w\u00fcnschen, schreiben Sie bitte an Pioneer House, Hillsons Rd, Botley, Southampton, SO30 2DY.<\/p><p>Wenn Sie der Meinung sind, dass Informationen, die wir \u00fcber Sie gespeichert haben, unrichtig oder unvollst\u00e4ndig sind, schreiben Sie uns bitte so bald wie m\u00f6glich an die oben genannte Adresse oder senden Sie uns eine E-Mail. Wir werden alle Informationen, die sich als unrichtig erweisen, umgehend korrigieren.<\/p>\t\t\t\t\t\t\t\t<\/div>\n\t\t\t\t<\/div>\n\t\t\t\t\t<\/div>\n\t\t<\/div>\n\t\t\t\t\t<\/div>\n\t\t<\/section>\n\t\t\t\t<\/div>","protected":false},"excerpt":{"rendered":"<p>In dieser Datenschutzrichtlinie wird dargelegt, wie TekSpan die Informationen, die Sie TekSpan bei der Nutzung dieser Website zur Verf\u00fcgung stellen, verwendet und sch\u00fctzt. TekSpan setzt sich daf\u00fcr ein, dass Ihre Privatsph\u00e4re gesch\u00fctzt wird. Sollten wir Sie bei der Nutzung dieser Website um die Angabe bestimmter Informationen bitten, durch die Sie identifiziert werden k\u00f6nnen, k\u00f6nnen Sie sicher sein, dass [...]<\/p>","protected":false},"author":1,"featured_media":0,"parent":0,"menu_order":0,"comment_status":"closed","ping_status":"closed","template":"","meta":{"_acf_changed":false,"content-type":"","footnotes":""},"class_list":["post-685","page","type-page","status-publish","hentry"],"acf":[],"_links":{"self":[{"href":"https:\/\/tekspan.com\/de\/wp-json\/wp\/v2\/pages\/685","targetHints":{"allow":["GET"]}}],"collection":[{"href":"https:\/\/tekspan.com\/de\/wp-json\/wp\/v2\/pages"}],"about":[{"href":"https:\/\/tekspan.com\/de\/wp-json\/wp\/v2\/types\/page"}],"author":[{"embeddable":true,"href":"https:\/\/tekspan.com\/de\/wp-json\/wp\/v2\/users\/1"}],"replies":[{"embeddable":true,"href":"https:\/\/tekspan.com\/de\/wp-json\/wp\/v2\/comments?post=685"}],"version-history":[{"count":6,"href":"https:\/\/tekspan.com\/de\/wp-json\/wp\/v2\/pages\/685\/revisions"}],"predecessor-version":[{"id":4388,"href":"https:\/\/tekspan.com\/de\/wp-json\/wp\/v2\/pages\/685\/revisions\/4388"}],"wp:attachment":[{"href":"https:\/\/tekspan.com\/de\/wp-json\/wp\/v2\/media?parent=685"}],"curies":[{"name":"wp","href":"https:\/\/api.w.org\/{rel}","templated":true}]}}