{"id":1831,"date":"2024-04-09T11:14:03","date_gmt":"2024-04-09T10:14:03","guid":{"rendered":"https:\/\/tekspan.co.uk\/?post_type=product&#038;p=1831"},"modified":"2025-12-03T11:26:42","modified_gmt":"2025-12-03T11:26:42","slug":"tekspan-100x100mm-profil-6-meter","status":"publish","type":"product","link":"https:\/\/tekspan.com\/de\/product\/tekspan-100x100mm-profil-6-meter\/","title":{"rendered":"TekSpan\u00ae 100x100mm Profil 6 Meter"},"content":{"rendered":"<p>Verzinktes Stahlprofil f\u00fcr hohe Beanspruchung, mit der einzigartigen TekSpan-Nut zur Verbindung von Komponenten und Halterungen. Pr\u00e4zisionsgefertigt aus 3,0 mm dickem Stahl und feuerverzinkt mit einer durchschnittlichen Zinkdicke von 55 \u00b5m, werden TekSpan-Profile in 6 m L\u00e4nge geliefert und k\u00f6nnen mit R954-150-Verbindungssets aneinandergef\u00fcgt werden. Entspricht der Norm BS EN 1461.<\/p>","protected":false},"excerpt":{"rendered":"<p>TekSpan\u00ae Vorgeschlitztes 100mm Profil L\u00e4nge.<\/p>\n<p>Ma\u00dfgeschneiderte Gr\u00f6\u00dfen sind auf Anfrage erh\u00e4ltlich.<\/p>","protected":false},"featured_media":1603,"template":"","meta":{"_acf_changed":false,"content-type":""},"product_brand":[],"product_cat":[34,21],"product_tag":[361],"class_list":{"0":"post-1831","1":"product","2":"type-product","3":"status-publish","4":"has-post-thumbnail","6":"product_cat-profiles","7":"product_cat-tekspan-product-range","8":"product_tag-r950-807","10":"first","11":"instock","12":"featured","13":"downloadable","14":"virtual","15":"product-type-simple"},"acf":[],"_links":{"self":[{"href":"https:\/\/tekspan.com\/de\/wp-json\/wp\/v2\/product\/1831","targetHints":{"allow":["GET"]}}],"collection":[{"href":"https:\/\/tekspan.com\/de\/wp-json\/wp\/v2\/product"}],"about":[{"href":"https:\/\/tekspan.com\/de\/wp-json\/wp\/v2\/types\/product"}],"wp:featuredmedia":[{"embeddable":true,"href":"https:\/\/tekspan.com\/de\/wp-json\/wp\/v2\/media\/1603"}],"wp:attachment":[{"href":"https:\/\/tekspan.com\/de\/wp-json\/wp\/v2\/media?parent=1831"}],"wp:term":[{"taxonomy":"product_brand","embeddable":true,"href":"https:\/\/tekspan.com\/de\/wp-json\/wp\/v2\/product_brand?post=1831"},{"taxonomy":"product_cat","embeddable":true,"href":"https:\/\/tekspan.com\/de\/wp-json\/wp\/v2\/product_cat?post=1831"},{"taxonomy":"product_tag","embeddable":true,"href":"https:\/\/tekspan.com\/de\/wp-json\/wp\/v2\/product_tag?post=1831"}],"curies":[{"name":"wp","href":"https:\/\/api.w.org\/{rel}","templated":true}]}}