{"id":3152,"date":"2024-06-12T10:59:47","date_gmt":"2024-06-12T09:59:47","guid":{"rendered":"https:\/\/tekspan.co.uk\/?post_type=product&#038;p=3152"},"modified":"2025-12-03T11:26:42","modified_gmt":"2025-12-03T11:26:42","slug":"tekspan-gummivierkantfus-fur-80mm-profil","status":"publish","type":"product","link":"https:\/\/tekspan.com\/de\/product\/tekspan-gummivierkantfus-fur-80mm-profil\/","title":{"rendered":"TekSpan\u00ae Gummivierkantfu\u00df f\u00fcr 80mm Profil"},"content":{"rendered":"<p>Quadratischer Gummifu\u00df f\u00fcr TekSpan 80-mm-Profile, f\u00fcr den Einsatz in St\u00fctzrahmen auf Dachbahnen und anderen empfindlichen Oberfl\u00e4chen. Die breite Auflagefl\u00e4che reduziert das Risiko, dass Punktlasten in die Dachbahn eindringen. Stahlplatteneinsatz verhindert das Einschneiden des Profils in den Gummi. D\u00e4mpft Ger\u00e4usche und Vibrationen und reduziert das Risiko des Abrutschens zwischen Dachbahn und Fu\u00df. Vorgebohrte L\u00f6cher f\u00fcr optionale Befestigung.<\/p>","protected":false},"excerpt":{"rendered":"<p>Gummivierkantfu\u00df f\u00fcr TekSpan 80mm Profile<\/p>","protected":false},"featured_media":3155,"template":"","meta":{"_acf_changed":false,"content-type":""},"product_brand":[],"product_cat":[39,21],"product_tag":[360],"class_list":{"0":"post-3152","1":"product","2":"type-product","3":"status-publish","4":"has-post-thumbnail","6":"product_cat-baseplates","7":"product_cat-tekspan-product-range","8":"product_tag-r605-386","10":"first","11":"instock","12":"shipping-taxable","13":"product-type-simple"},"acf":[],"_links":{"self":[{"href":"https:\/\/tekspan.com\/de\/wp-json\/wp\/v2\/product\/3152","targetHints":{"allow":["GET"]}}],"collection":[{"href":"https:\/\/tekspan.com\/de\/wp-json\/wp\/v2\/product"}],"about":[{"href":"https:\/\/tekspan.com\/de\/wp-json\/wp\/v2\/types\/product"}],"wp:featuredmedia":[{"embeddable":true,"href":"https:\/\/tekspan.com\/de\/wp-json\/wp\/v2\/media\/3155"}],"wp:attachment":[{"href":"https:\/\/tekspan.com\/de\/wp-json\/wp\/v2\/media?parent=3152"}],"wp:term":[{"taxonomy":"product_brand","embeddable":true,"href":"https:\/\/tekspan.com\/de\/wp-json\/wp\/v2\/product_brand?post=3152"},{"taxonomy":"product_cat","embeddable":true,"href":"https:\/\/tekspan.com\/de\/wp-json\/wp\/v2\/product_cat?post=3152"},{"taxonomy":"product_tag","embeddable":true,"href":"https:\/\/tekspan.com\/de\/wp-json\/wp\/v2\/product_tag?post=3152"}],"curies":[{"name":"wp","href":"https:\/\/api.w.org\/{rel}","templated":true}]}}