{"id":3213,"date":"2024-06-20T17:12:18","date_gmt":"2024-06-20T16:12:18","guid":{"rendered":"https:\/\/tekspan.co.uk\/?post_type=product&#038;p=3213"},"modified":"2025-12-03T11:26:42","modified_gmt":"2025-12-03T11:26:42","slug":"tekspan-t-schlossriegel-plus","status":"publish","type":"product","link":"https:\/\/tekspan.com\/de\/product\/tekspan-t-schlossriegel-plus\/","title":{"rendered":"TekSpan\u00ae T-Lock Bolt Plus"},"content":{"rendered":"<p>Das Herzst\u00fcck des TekSpan-Systems - der T-Lock Bolt. Der neue und verbesserte T-Lock Bolt Plus mit geschlitzter Sicherungsscheibe macht die Installation noch einfacher.<\/p>\n<p>Hochfester T-Bolzen der G\u00fcteklasse 10.9, der sicher einrastet und Rahmen und Komponenten in einer einfach zu justierenden, dauerhaften Befestigung miteinander verbindet. Der Zentrierring h\u00e4lt die Ausrichtung aufrecht, w\u00e4hrend sich die Z\u00e4hne am T-Kopf der Schraube in den Rahmen \"verbei\u00dfen\", um eine au\u00dfergew\u00f6hnlich sichere Befestigung zu gew\u00e4hrleisten.<\/p>\n<p>TekSpan T-Lock-Schrauben werden aus Zink-Nickel hergestellt, was bedeutet, dass Probleme wie Zink-Whisker (wie bei verzinkten Verbindungselementen) vermieden werden. Zink-Nickel-Beschichtung hat einen Gewichtsprozentsatz von 12-16% Nickel mit lokalen Schichtdicke von 12mu und gl\u00fchenden Passivierung.<\/p>","protected":false},"excerpt":{"rendered":"<p>Die 10,9 g schwere T-Schraube mit Sicherungsscheibe rastet sicher durch die Schlitze des Rahmens mit dem Fixierkragen ein und \"verbei\u00dft\" sich in der Halterungsbefestigung, was eine au\u00dfergew\u00f6hnliche Verbindungsfestigkeit gew\u00e4hrleistet.<\/p>","protected":false},"featured_media":3218,"template":"","meta":{"_acf_changed":false,"content-type":""},"product_brand":[],"product_cat":[35,21],"product_tag":[359],"class_list":{"0":"post-3213","1":"product","2":"type-product","3":"status-publish","4":"has-post-thumbnail","6":"product_cat-fixings","7":"product_cat-tekspan-product-range","8":"product_tag-r951-515","10":"first","11":"instock","12":"featured","13":"shipping-taxable","14":"product-type-simple"},"acf":[],"_links":{"self":[{"href":"https:\/\/tekspan.com\/de\/wp-json\/wp\/v2\/product\/3213","targetHints":{"allow":["GET"]}}],"collection":[{"href":"https:\/\/tekspan.com\/de\/wp-json\/wp\/v2\/product"}],"about":[{"href":"https:\/\/tekspan.com\/de\/wp-json\/wp\/v2\/types\/product"}],"wp:featuredmedia":[{"embeddable":true,"href":"https:\/\/tekspan.com\/de\/wp-json\/wp\/v2\/media\/3218"}],"wp:attachment":[{"href":"https:\/\/tekspan.com\/de\/wp-json\/wp\/v2\/media?parent=3213"}],"wp:term":[{"taxonomy":"product_brand","embeddable":true,"href":"https:\/\/tekspan.com\/de\/wp-json\/wp\/v2\/product_brand?post=3213"},{"taxonomy":"product_cat","embeddable":true,"href":"https:\/\/tekspan.com\/de\/wp-json\/wp\/v2\/product_cat?post=3213"},{"taxonomy":"product_tag","embeddable":true,"href":"https:\/\/tekspan.com\/de\/wp-json\/wp\/v2\/product_tag?post=3213"}],"curies":[{"name":"wp","href":"https:\/\/api.w.org\/{rel}","templated":true}]}}