{"id":3730,"date":"2024-09-19T14:11:48","date_gmt":"2024-09-19T13:11:48","guid":{"rendered":"https:\/\/tekspan.co.uk\/?post_type=product&#038;p=3730"},"modified":"2025-12-03T11:26:42","modified_gmt":"2025-12-03T11:26:42","slug":"tekspan-endkappen-fur-100mm-profil","status":"publish","type":"product","link":"https:\/\/tekspan.com\/de\/product\/tekspan-endkappen-fur-100mm-profil\/","title":{"rendered":"TekSpan\u00ae Endkappen f\u00fcr 100mm Profil"},"content":{"rendered":"<p>Hochwertige PVC-Endkappen f\u00fcr den Abschluss offener Profilenden. Bietet eine \u00e4sthetisch verbesserte Oberfl\u00e4che.<\/p>","protected":false},"excerpt":{"rendered":"<p>Endkappen f\u00fcr die Fertigstellung\/Abdeckung von Rahmenabschl\u00fcssen.<\/p>","protected":false},"featured_media":3215,"template":"","meta":{"_acf_changed":false,"content-type":""},"product_brand":[],"product_cat":[47,36,21],"product_tag":[350],"class_list":{"0":"post-3730","1":"product","2":"type-product","3":"status-publish","4":"has-post-thumbnail","6":"product_cat-accessories","7":"product_cat-end-caps","8":"product_cat-tekspan-product-range","9":"product_tag-r952-050","11":"first","12":"instock","13":"shipping-taxable","14":"product-type-simple"},"acf":[],"_links":{"self":[{"href":"https:\/\/tekspan.com\/de\/wp-json\/wp\/v2\/product\/3730","targetHints":{"allow":["GET"]}}],"collection":[{"href":"https:\/\/tekspan.com\/de\/wp-json\/wp\/v2\/product"}],"about":[{"href":"https:\/\/tekspan.com\/de\/wp-json\/wp\/v2\/types\/product"}],"wp:featuredmedia":[{"embeddable":true,"href":"https:\/\/tekspan.com\/de\/wp-json\/wp\/v2\/media\/3215"}],"wp:attachment":[{"href":"https:\/\/tekspan.com\/de\/wp-json\/wp\/v2\/media?parent=3730"}],"wp:term":[{"taxonomy":"product_brand","embeddable":true,"href":"https:\/\/tekspan.com\/de\/wp-json\/wp\/v2\/product_brand?post=3730"},{"taxonomy":"product_cat","embeddable":true,"href":"https:\/\/tekspan.com\/de\/wp-json\/wp\/v2\/product_cat?post=3730"},{"taxonomy":"product_tag","embeddable":true,"href":"https:\/\/tekspan.com\/de\/wp-json\/wp\/v2\/product_tag?post=3730"}],"curies":[{"name":"wp","href":"https:\/\/api.w.org\/{rel}","templated":true}]}}