{"id":3731,"date":"2024-09-19T14:11:51","date_gmt":"2024-09-19T13:11:51","guid":{"rendered":"https:\/\/tekspan.co.uk\/?post_type=product&#038;p=3731"},"modified":"2025-12-03T11:26:42","modified_gmt":"2025-12-03T11:26:42","slug":"tekspan-gummi-quadratfus-fur-100mm-profil","status":"publish","type":"product","link":"https:\/\/tekspan.com\/de\/product\/tekspan-gummi-quadratfus-fur-100mm-profil\/","title":{"rendered":"TekSpan\u00ae Gummivierkantfu\u00df f\u00fcr 100mm Profil"},"content":{"rendered":"<p>Quadratischer Gummifu\u00df f\u00fcr TekSpan 100-mm-Profile, f\u00fcr den Einsatz in St\u00fctzrahmen auf Dachbahnen und anderen empfindlichen Oberfl\u00e4chen. Die breite Auflagefl\u00e4che reduziert das Risiko, dass Punktlasten in die Dachbahn eindringen. Stahlplatteneinsatz verhindert das Einschneiden des Profils in den Gummi. D\u00e4mpft Ger\u00e4usche und Vibrationen und reduziert das Risiko des Abrutschens zwischen Dachbahn und Fu\u00df. Vorgebohrte L\u00f6cher f\u00fcr optionale Befestigung.<\/p>","protected":false},"excerpt":{"rendered":"<p>Gummivierkantfu\u00df f\u00fcr TekSpan 100mm Profile.<\/p>","protected":false},"featured_media":3155,"template":"","meta":{"_acf_changed":false,"content-type":""},"product_brand":[],"product_cat":[39,21],"product_tag":[349],"class_list":{"0":"post-3731","1":"product","2":"type-product","3":"status-publish","4":"has-post-thumbnail","6":"product_cat-baseplates","7":"product_cat-tekspan-product-range","8":"product_tag-r605-389","10":"first","11":"instock","12":"shipping-taxable","13":"product-type-simple"},"acf":[],"_links":{"self":[{"href":"https:\/\/tekspan.com\/de\/wp-json\/wp\/v2\/product\/3731","targetHints":{"allow":["GET"]}}],"collection":[{"href":"https:\/\/tekspan.com\/de\/wp-json\/wp\/v2\/product"}],"about":[{"href":"https:\/\/tekspan.com\/de\/wp-json\/wp\/v2\/types\/product"}],"wp:featuredmedia":[{"embeddable":true,"href":"https:\/\/tekspan.com\/de\/wp-json\/wp\/v2\/media\/3155"}],"wp:attachment":[{"href":"https:\/\/tekspan.com\/de\/wp-json\/wp\/v2\/media?parent=3731"}],"wp:term":[{"taxonomy":"product_brand","embeddable":true,"href":"https:\/\/tekspan.com\/de\/wp-json\/wp\/v2\/product_brand?post=3731"},{"taxonomy":"product_cat","embeddable":true,"href":"https:\/\/tekspan.com\/de\/wp-json\/wp\/v2\/product_cat?post=3731"},{"taxonomy":"product_tag","embeddable":true,"href":"https:\/\/tekspan.com\/de\/wp-json\/wp\/v2\/product_tag?post=3731"}],"curies":[{"name":"wp","href":"https:\/\/api.w.org\/{rel}","templated":true}]}}