{"id":3736,"date":"2024-09-19T14:12:07","date_gmt":"2024-09-19T13:12:07","guid":{"rendered":"https:\/\/tekspan.co.uk\/?post_type=product&#038;p=3736"},"modified":"2025-12-03T11:26:42","modified_gmt":"2025-12-03T11:26:42","slug":"tekspan-m12-gewindeanschluss","status":"publish","type":"product","link":"https:\/\/tekspan.com\/de\/product\/tekspan-m12-gewindeanschluss\/","title":{"rendered":"TekSpan\u00ae M12 Gewindeanschluss"},"content":{"rendered":"<p>Direktanschluss f\u00fcr Gewindestangen - bietet ein Innengewinde in M12, das direkt an den TekSpan-Rahmen angeschlossen wird.<\/p>","protected":false},"excerpt":{"rendered":"<p>TekSpan\u00ae Gewindeanschluss<\/p>\n<p>Verbindungsst\u00fcck zwischen Rahmen und Gewindestange, f\u00fcr die direkte Befestigung von Stangen und die Aufh\u00e4ngung von Gewindeverbindern.<\/p>","protected":false},"featured_media":1588,"template":"","meta":{"_acf_changed":false,"content-type":""},"product_brand":[],"product_cat":[21,37],"product_tag":[344],"class_list":{"0":"post-3736","1":"product","2":"type-product","3":"status-publish","4":"has-post-thumbnail","6":"product_cat-tekspan-product-range","7":"product_cat-thread-connectors","8":"product_tag-r962-065","10":"first","11":"instock","12":"shipping-taxable","13":"product-type-simple"},"acf":[],"_links":{"self":[{"href":"https:\/\/tekspan.com\/de\/wp-json\/wp\/v2\/product\/3736","targetHints":{"allow":["GET"]}}],"collection":[{"href":"https:\/\/tekspan.com\/de\/wp-json\/wp\/v2\/product"}],"about":[{"href":"https:\/\/tekspan.com\/de\/wp-json\/wp\/v2\/types\/product"}],"wp:featuredmedia":[{"embeddable":true,"href":"https:\/\/tekspan.com\/de\/wp-json\/wp\/v2\/media\/1588"}],"wp:attachment":[{"href":"https:\/\/tekspan.com\/de\/wp-json\/wp\/v2\/media?parent=3736"}],"wp:term":[{"taxonomy":"product_brand","embeddable":true,"href":"https:\/\/tekspan.com\/de\/wp-json\/wp\/v2\/product_brand?post=3736"},{"taxonomy":"product_cat","embeddable":true,"href":"https:\/\/tekspan.com\/de\/wp-json\/wp\/v2\/product_cat?post=3736"},{"taxonomy":"product_tag","embeddable":true,"href":"https:\/\/tekspan.com\/de\/wp-json\/wp\/v2\/product_tag?post=3736"}],"curies":[{"name":"wp","href":"https:\/\/api.w.org\/{rel}","templated":true}]}}