{"id":3741,"date":"2024-09-19T14:14:17","date_gmt":"2024-09-19T13:14:17","guid":{"rendered":"https:\/\/tekspan.co.uk\/?post_type=product&#038;p=3741"},"modified":"2025-12-03T11:26:43","modified_gmt":"2025-12-03T11:26:43","slug":"tekspan-horizontale-halteplatte-fur-100mm-profil","status":"publish","type":"product","link":"https:\/\/tekspan.com\/de\/product\/tekspan-horizontale-halteplatte-fur-100mm-profil\/","title":{"rendered":"TekSpan\u00ae Horizontale Halterungsplatte f\u00fcr 100mm Profil"},"content":{"rendered":"<p>Halteplatte f\u00fcr die Verbindung von TekSpan-Profilen in einem Winkel. Erm\u00f6glicht die Verbindung von Profilen f\u00fcr zus\u00e4tzliche Aussteifung und Steifigkeit.<\/p>","protected":false},"excerpt":{"rendered":"<p>TekSpan\u00ae 100mm Halterung Platte<br \/>\nHalteplatte f\u00fcr Montagerahmen, mit der M\u00f6glichkeit, abgewinkelte Verbindungen zu unterst\u00fctzen.<\/p>","protected":false},"featured_media":4926,"template":"","meta":{"_acf_changed":false,"content-type":""},"product_brand":[],"product_cat":[39,21],"product_tag":[340],"class_list":{"0":"post-3741","1":"product","2":"type-product","3":"status-publish","4":"has-post-thumbnail","6":"product_cat-baseplates","7":"product_cat-tekspan-product-range","8":"product_tag-r953-116","10":"first","11":"instock","12":"featured","13":"shipping-taxable","14":"product-type-simple"},"acf":[],"_links":{"self":[{"href":"https:\/\/tekspan.com\/de\/wp-json\/wp\/v2\/product\/3741","targetHints":{"allow":["GET"]}}],"collection":[{"href":"https:\/\/tekspan.com\/de\/wp-json\/wp\/v2\/product"}],"about":[{"href":"https:\/\/tekspan.com\/de\/wp-json\/wp\/v2\/types\/product"}],"wp:featuredmedia":[{"embeddable":true,"href":"https:\/\/tekspan.com\/de\/wp-json\/wp\/v2\/media\/4926"}],"wp:attachment":[{"href":"https:\/\/tekspan.com\/de\/wp-json\/wp\/v2\/media?parent=3741"}],"wp:term":[{"taxonomy":"product_brand","embeddable":true,"href":"https:\/\/tekspan.com\/de\/wp-json\/wp\/v2\/product_brand?post=3741"},{"taxonomy":"product_cat","embeddable":true,"href":"https:\/\/tekspan.com\/de\/wp-json\/wp\/v2\/product_cat?post=3741"},{"taxonomy":"product_tag","embeddable":true,"href":"https:\/\/tekspan.com\/de\/wp-json\/wp\/v2\/product_tag?post=3741"}],"curies":[{"name":"wp","href":"https:\/\/api.w.org\/{rel}","templated":true}]}}