{"id":4763,"date":"2025-05-27T13:28:25","date_gmt":"2025-05-27T12:28:25","guid":{"rendered":"https:\/\/tekspan.com\/?post_type=product&#038;p=4763"},"modified":"2025-12-03T11:26:44","modified_gmt":"2025-12-03T11:26:44","slug":"tekspan-rohrhalter-set-m12-m20-ubolts","status":"publish","type":"product","link":"https:\/\/tekspan.com\/de\/product\/tekspan-rohrhalter-set-m12-m20-ubolts\/","title":{"rendered":"TekSpan\u00ae-Rohrhalterungssatz f\u00fcr M12-M20-B\u00fcgelbolzen"},"content":{"rendered":"<p>TekSpan\u00ae Pipe Holder for mounting U-bolts directly on a TekSpan\u00ae square profile.<\/p>\n<p>Unique design allows for fitment of U-bolts in M12\/M16\/M20 sizes.<\/p>","protected":false},"excerpt":{"rendered":"<p>TekSpan\u00ae Rohrhalterung f\u00fcr die Montage von U-B\u00fcgeln direkt an einem TekSpan\u00ae Vierkantprofil. Einzigartiges Design erm\u00f6glicht die Montage von U-B\u00fcgeln in den Gr\u00f6\u00dfen M12\/M16\/M20.<\/p>","protected":false},"featured_media":4762,"template":"","meta":{"_acf_changed":false,"content-type":""},"product_brand":[],"product_cat":[46,21],"product_tag":[393],"class_list":{"0":"post-4763","1":"product","2":"type-product","3":"status-publish","4":"has-post-thumbnail","6":"product_cat-pipe-supports","7":"product_cat-tekspan-product-range","8":"product_tag-r954-146","10":"first","11":"instock","12":"shipping-taxable","13":"product-type-simple"},"acf":[],"_links":{"self":[{"href":"https:\/\/tekspan.com\/de\/wp-json\/wp\/v2\/product\/4763","targetHints":{"allow":["GET"]}}],"collection":[{"href":"https:\/\/tekspan.com\/de\/wp-json\/wp\/v2\/product"}],"about":[{"href":"https:\/\/tekspan.com\/de\/wp-json\/wp\/v2\/types\/product"}],"wp:featuredmedia":[{"embeddable":true,"href":"https:\/\/tekspan.com\/de\/wp-json\/wp\/v2\/media\/4762"}],"wp:attachment":[{"href":"https:\/\/tekspan.com\/de\/wp-json\/wp\/v2\/media?parent=4763"}],"wp:term":[{"taxonomy":"product_brand","embeddable":true,"href":"https:\/\/tekspan.com\/de\/wp-json\/wp\/v2\/product_brand?post=4763"},{"taxonomy":"product_cat","embeddable":true,"href":"https:\/\/tekspan.com\/de\/wp-json\/wp\/v2\/product_cat?post=4763"},{"taxonomy":"product_tag","embeddable":true,"href":"https:\/\/tekspan.com\/de\/wp-json\/wp\/v2\/product_tag?post=4763"}],"curies":[{"name":"wp","href":"https:\/\/api.w.org\/{rel}","templated":true}]}}