{"id":702,"date":"2022-03-30T11:39:07","date_gmt":"2022-03-30T10:39:07","guid":{"rendered":"https:\/\/tekspan.co.uk\/?post_type=product&#038;p=702"},"modified":"2025-12-03T10:59:07","modified_gmt":"2025-12-03T10:59:07","slug":"tekspan-80x80mm-profil-6m","status":"publish","type":"product","link":"https:\/\/tekspan.com\/de\/product\/tekspan-80x80mm-profil-6m\/","title":{"rendered":"TekSpan\u00ae 80x80mm Profil 6 Meter"},"content":{"rendered":"<p>Verzinktes Stahlprofil f\u00fcr hohe Beanspruchung, mit der einzigartigen TekSpan-Nut zur Verbindung von Komponenten und Halterungen. Pr\u00e4zisionsgefertigt aus 2,5 mm dickem Stahl und feuerverzinkt mit einer durchschnittlichen Zinkst\u00e4rke von 55 \u00b5m, werden TekSpan-Profile in 6 m L\u00e4nge geliefert und k\u00f6nnen mit R954-150-Verbindungss\u00e4tzen aneinandergef\u00fcgt werden. Entspricht der Norm BS EN 1461.<\/p>","protected":false},"excerpt":{"rendered":"<p>TekSpan\u00ae Vorgeschlitztes 80mm Profil L\u00e4nge.<\/p>\n<p>Ma\u00dfgeschneiderte Gr\u00f6\u00dfen sind auf Anfrage erh\u00e4ltlich.<\/p>","protected":false},"featured_media":1603,"template":"","meta":{"_acf_changed":false,"content-type":""},"product_brand":[],"product_cat":[34,21],"product_tag":[389],"class_list":{"0":"post-702","1":"product","2":"type-product","3":"status-publish","4":"has-post-thumbnail","6":"product_cat-profiles","7":"product_cat-tekspan-product-range","8":"product_tag-r950-806","10":"first","11":"instock","12":"featured","13":"downloadable","14":"virtual","15":"product-type-simple"},"acf":[],"_links":{"self":[{"href":"https:\/\/tekspan.com\/de\/wp-json\/wp\/v2\/product\/702","targetHints":{"allow":["GET"]}}],"collection":[{"href":"https:\/\/tekspan.com\/de\/wp-json\/wp\/v2\/product"}],"about":[{"href":"https:\/\/tekspan.com\/de\/wp-json\/wp\/v2\/types\/product"}],"wp:featuredmedia":[{"embeddable":true,"href":"https:\/\/tekspan.com\/de\/wp-json\/wp\/v2\/media\/1603"}],"wp:attachment":[{"href":"https:\/\/tekspan.com\/de\/wp-json\/wp\/v2\/media?parent=702"}],"wp:term":[{"taxonomy":"product_brand","embeddable":true,"href":"https:\/\/tekspan.com\/de\/wp-json\/wp\/v2\/product_brand?post=702"},{"taxonomy":"product_cat","embeddable":true,"href":"https:\/\/tekspan.com\/de\/wp-json\/wp\/v2\/product_cat?post=702"},{"taxonomy":"product_tag","embeddable":true,"href":"https:\/\/tekspan.com\/de\/wp-json\/wp\/v2\/product_tag?post=702"}],"curies":[{"name":"wp","href":"https:\/\/api.w.org\/{rel}","templated":true}]}}