{"id":830,"date":"2022-04-04T12:16:17","date_gmt":"2022-04-04T11:16:17","guid":{"rendered":"https:\/\/tekspan.co.uk\/?post_type=product&#038;p=830"},"modified":"2025-12-03T11:26:43","modified_gmt":"2025-12-03T11:26:43","slug":"tekspan-balkenverbinderklemme-80-100mm","status":"publish","type":"product","link":"https:\/\/tekspan.com\/de\/product\/tekspan-balkenverbinderklemme-80-100mm\/","title":{"rendered":"TekSpan\u00ae Tr\u00e4gerverbindungsklemme f\u00fcr 80mm Profil"},"content":{"rendered":"<p>Tr\u00e4geranschlussklemme, zur sicheren Befestigung von TekSpan 80 \/ 100mm Profilen an Stahltr\u00e4gern und I-Tr\u00e4gern. Befestigung ohne Bohren.<\/p>","protected":false},"excerpt":{"rendered":"<p>TekSpan\u00ae Tr\u00e4gerverbindungsklemme<br \/>\nTr\u00e4gerverbindungsklammer, zur Befestigung von Rahmen an I-Tr\u00e4gern und Tr\u00e4gern.<\/p>","protected":false},"featured_media":1611,"template":"","meta":{"_acf_changed":false,"content-type":""},"product_brand":[],"product_cat":[38,21],"product_tag":[384],"class_list":{"0":"post-830","1":"product","2":"type-product","3":"status-publish","4":"has-post-thumbnail","6":"product_cat-beam-clamps","7":"product_cat-tekspan-product-range","8":"product_tag-r952-070","10":"first","11":"instock","12":"shipping-taxable","13":"product-type-simple"},"acf":[],"_links":{"self":[{"href":"https:\/\/tekspan.com\/de\/wp-json\/wp\/v2\/product\/830","targetHints":{"allow":["GET"]}}],"collection":[{"href":"https:\/\/tekspan.com\/de\/wp-json\/wp\/v2\/product"}],"about":[{"href":"https:\/\/tekspan.com\/de\/wp-json\/wp\/v2\/types\/product"}],"wp:featuredmedia":[{"embeddable":true,"href":"https:\/\/tekspan.com\/de\/wp-json\/wp\/v2\/media\/1611"}],"wp:attachment":[{"href":"https:\/\/tekspan.com\/de\/wp-json\/wp\/v2\/media?parent=830"}],"wp:term":[{"taxonomy":"product_brand","embeddable":true,"href":"https:\/\/tekspan.com\/de\/wp-json\/wp\/v2\/product_brand?post=830"},{"taxonomy":"product_cat","embeddable":true,"href":"https:\/\/tekspan.com\/de\/wp-json\/wp\/v2\/product_cat?post=830"},{"taxonomy":"product_tag","embeddable":true,"href":"https:\/\/tekspan.com\/de\/wp-json\/wp\/v2\/product_tag?post=830"}],"curies":[{"name":"wp","href":"https:\/\/api.w.org\/{rel}","templated":true}]}}