{"id":832,"date":"2022-04-04T12:22:16","date_gmt":"2022-04-04T11:22:16","guid":{"rendered":"https:\/\/tekspan.co.uk\/?post_type=product&#038;p=832"},"modified":"2025-12-03T11:26:43","modified_gmt":"2025-12-03T11:26:43","slug":"tekspan-vertikale-halteplatte-fur-80mm-profil","status":"publish","type":"product","link":"https:\/\/tekspan.com\/de\/product\/tekspan-vertikale-halteplatte-fur-80mm-profil\/","title":{"rendered":"TekSpan\u00ae Vertikale Halterungsplatte f\u00fcr 80mm Profil"},"content":{"rendered":"<p>Halteplatte f\u00fcr die Verbindung von TekSpan-Profilen in einem Winkel. Erm\u00f6glicht die Verbindung von Profilen f\u00fcr zus\u00e4tzliche Aussteifung und Steifigkeit.<\/p>","protected":false},"excerpt":{"rendered":"<p>TekSpan\u00ae 80-mm-Halterungsplatte<br \/>\nHalteplatte f\u00fcr Montagerahmen, mit der M\u00f6glichkeit, abgewinkelte Verbindungen zu unterst\u00fctzen.<\/p>","protected":false},"featured_media":1612,"template":"","meta":{"_acf_changed":false,"content-type":""},"product_brand":[],"product_cat":[39,21],"product_tag":[382],"class_list":{"0":"post-832","1":"product","2":"type-product","3":"status-publish","4":"has-post-thumbnail","6":"product_cat-baseplates","7":"product_cat-tekspan-product-range","8":"product_tag-r953-115","10":"first","11":"instock","12":"featured","13":"shipping-taxable","14":"product-type-simple"},"acf":[],"_links":{"self":[{"href":"https:\/\/tekspan.com\/de\/wp-json\/wp\/v2\/product\/832","targetHints":{"allow":["GET"]}}],"collection":[{"href":"https:\/\/tekspan.com\/de\/wp-json\/wp\/v2\/product"}],"about":[{"href":"https:\/\/tekspan.com\/de\/wp-json\/wp\/v2\/types\/product"}],"wp:featuredmedia":[{"embeddable":true,"href":"https:\/\/tekspan.com\/de\/wp-json\/wp\/v2\/media\/1612"}],"wp:attachment":[{"href":"https:\/\/tekspan.com\/de\/wp-json\/wp\/v2\/media?parent=832"}],"wp:term":[{"taxonomy":"product_brand","embeddable":true,"href":"https:\/\/tekspan.com\/de\/wp-json\/wp\/v2\/product_brand?post=832"},{"taxonomy":"product_cat","embeddable":true,"href":"https:\/\/tekspan.com\/de\/wp-json\/wp\/v2\/product_cat?post=832"},{"taxonomy":"product_tag","embeddable":true,"href":"https:\/\/tekspan.com\/de\/wp-json\/wp\/v2\/product_tag?post=832"}],"curies":[{"name":"wp","href":"https:\/\/api.w.org\/{rel}","templated":true}]}}