{"id":849,"date":"2022-04-05T11:59:17","date_gmt":"2022-04-05T10:59:17","guid":{"rendered":"https:\/\/tekspan.co.uk\/?post_type=product&#038;p=849"},"modified":"2025-12-03T11:26:44","modified_gmt":"2025-12-03T11:26:44","slug":"tekspan-anker-adapterring","status":"publish","type":"product","link":"https:\/\/tekspan.com\/de\/product\/tekspan-anker-adapterring\/","title":{"rendered":"TekSpan\u00ae-Anker-Adapterring"},"content":{"rendered":"<p>Stepdown-Einsatzringe, f\u00fcr Grundplattenf\u00fc\u00dfe.<\/p>","protected":false},"excerpt":{"rendered":"<p><span class=\"JsGRdQ\">TekSpan\u00ae-Anker-Adapterring<\/span><\/p>\n<p><span class=\"JsGRdQ\">Reduzierter M16-M12-Ringeinsatz f\u00fcr die F\u00fc\u00dfe der Grundplatte, um die Verwendung von M12-Befestigungen zu erm\u00f6glichen.<\/span><\/p>","protected":false},"featured_media":1592,"template":"","meta":{"_acf_changed":false,"content-type":""},"product_brand":[],"product_cat":[47,21],"product_tag":[377],"class_list":{"0":"post-849","1":"product","2":"type-product","3":"status-publish","4":"has-post-thumbnail","6":"product_cat-accessories","7":"product_cat-tekspan-product-range","8":"product_tag-r954-155","10":"first","11":"instock","12":"shipping-taxable","13":"product-type-simple"},"acf":[],"_links":{"self":[{"href":"https:\/\/tekspan.com\/de\/wp-json\/wp\/v2\/product\/849","targetHints":{"allow":["GET"]}}],"collection":[{"href":"https:\/\/tekspan.com\/de\/wp-json\/wp\/v2\/product"}],"about":[{"href":"https:\/\/tekspan.com\/de\/wp-json\/wp\/v2\/types\/product"}],"wp:featuredmedia":[{"embeddable":true,"href":"https:\/\/tekspan.com\/de\/wp-json\/wp\/v2\/media\/1592"}],"wp:attachment":[{"href":"https:\/\/tekspan.com\/de\/wp-json\/wp\/v2\/media?parent=849"}],"wp:term":[{"taxonomy":"product_brand","embeddable":true,"href":"https:\/\/tekspan.com\/de\/wp-json\/wp\/v2\/product_brand?post=849"},{"taxonomy":"product_cat","embeddable":true,"href":"https:\/\/tekspan.com\/de\/wp-json\/wp\/v2\/product_cat?post=849"},{"taxonomy":"product_tag","embeddable":true,"href":"https:\/\/tekspan.com\/de\/wp-json\/wp\/v2\/product_tag?post=849"}],"curies":[{"name":"wp","href":"https:\/\/api.w.org\/{rel}","templated":true}]}}