{"id":855,"date":"2022-04-05T12:25:50","date_gmt":"2022-04-05T11:25:50","guid":{"rendered":"https:\/\/tekspan.co.uk\/?post_type=product&#038;p=855"},"modified":"2025-12-03T11:26:44","modified_gmt":"2025-12-03T11:26:44","slug":"tekspan-grundplatte-fur-80mm-profil","status":"publish","type":"product","link":"https:\/\/tekspan.com\/de\/product\/tekspan-grundplatte-fur-80mm-profil\/","title":{"rendered":"TekSpan\u00ae Grundplatte f\u00fcr 80mm Profil"},"content":{"rendered":"<p>Grundplatte f\u00fcr die Boden- oder Wandmontage von 80mm TekSpan-Profilen. Mit vorgebohrten Schlitzen f\u00fcr Befestigungsbolzen.<\/p>","protected":false},"excerpt":{"rendered":"<p class=\"_04xlpA direction-ltr align-start para-style-body\"><span class=\"JsGRdQ\">TekSpan\u00ae Grundplatte<\/span><\/p>\n<p class=\"_04xlpA direction-ltr align-start para-style-body\"><span class=\"JsGRdQ\">Abschraubbarer Fu\u00df f\u00fcr die Boden- oder Wandmontage.<\/span><\/p>","protected":false},"featured_media":1635,"template":"","meta":{"_acf_changed":false,"content-type":""},"product_brand":[],"product_cat":[39,21],"product_tag":[374],"class_list":{"0":"post-855","1":"product","2":"type-product","3":"status-publish","4":"has-post-thumbnail","6":"product_cat-baseplates","7":"product_cat-tekspan-product-range","8":"product_tag-r954-125","10":"first","11":"instock","12":"featured","13":"shipping-taxable","14":"product-type-simple"},"acf":[],"_links":{"self":[{"href":"https:\/\/tekspan.com\/de\/wp-json\/wp\/v2\/product\/855","targetHints":{"allow":["GET"]}}],"collection":[{"href":"https:\/\/tekspan.com\/de\/wp-json\/wp\/v2\/product"}],"about":[{"href":"https:\/\/tekspan.com\/de\/wp-json\/wp\/v2\/types\/product"}],"wp:featuredmedia":[{"embeddable":true,"href":"https:\/\/tekspan.com\/de\/wp-json\/wp\/v2\/media\/1635"}],"wp:attachment":[{"href":"https:\/\/tekspan.com\/de\/wp-json\/wp\/v2\/media?parent=855"}],"wp:term":[{"taxonomy":"product_brand","embeddable":true,"href":"https:\/\/tekspan.com\/de\/wp-json\/wp\/v2\/product_brand?post=855"},{"taxonomy":"product_cat","embeddable":true,"href":"https:\/\/tekspan.com\/de\/wp-json\/wp\/v2\/product_cat?post=855"},{"taxonomy":"product_tag","embeddable":true,"href":"https:\/\/tekspan.com\/de\/wp-json\/wp\/v2\/product_tag?post=855"}],"curies":[{"name":"wp","href":"https:\/\/api.w.org\/{rel}","templated":true}]}}