{"id":685,"date":"2022-02-04T09:03:24","date_gmt":"2022-02-04T09:03:24","guid":{"rendered":"https:\/\/tekspan.co.uk\/?page_id=685"},"modified":"2025-02-11T16:43:10","modified_gmt":"2025-02-11T16:43:10","slug":"politica-de-privacidad","status":"publish","type":"page","link":"https:\/\/tekspan.com\/es\/politica-de-privacidad\/","title":{"rendered":"Pol\u00edtica de privacidad"},"content":{"rendered":"<div data-elementor-type=\"wp-page\" data-elementor-id=\"685\" class=\"elementor elementor-685\" data-elementor-post-type=\"page\">\n\t\t\t\t\t\t<section class=\"elementor-section elementor-top-section elementor-element elementor-element-dd47ad4 elementor-section-boxed elementor-section-height-default elementor-section-height-default\" data-id=\"dd47ad4\" data-element_type=\"section\">\n\t\t\t\t\t\t<div class=\"elementor-container elementor-column-gap-default\">\n\t\t\t\t\t<div class=\"elementor-column elementor-col-100 elementor-top-column elementor-element elementor-element-0fc7be1\" data-id=\"0fc7be1\" data-element_type=\"column\">\n\t\t\t<div class=\"elementor-widget-wrap elementor-element-populated\">\n\t\t\t\t\t\t<div class=\"elementor-element elementor-element-d4038d1 elementor-widget elementor-widget-text-editor\" data-id=\"d4038d1\" data-element_type=\"widget\" data-widget_type=\"text-editor.default\">\n\t\t\t\t<div class=\"elementor-widget-container\">\n\t\t\t\t\t\t\t\t\t<p>Esta pol\u00edtica de privacidad establece c\u00f3mo TekSpan utiliza y protege cualquier informaci\u00f3n que usted proporcione a TekSpan cuando utilice este sitio web.<\/p><p>TekSpan se compromete a garantizar la protecci\u00f3n de su privacidad. En caso de que le pidamos que proporcione cierta informaci\u00f3n que permita identificarle al utilizar este sitio web, puede estar seguro de que s\u00f3lo se utilizar\u00e1 de acuerdo con esta declaraci\u00f3n de privacidad.<\/p><p>TekSpan puede cambiar esta pol\u00edtica de vez en cuando actualizando esta p\u00e1gina. Debe consultar esta p\u00e1gina de vez en cuando para asegurarse de que est\u00e1 conforme con cualquier cambio. Esta pol\u00edtica es efectiva a partir del 01.06.2021.<\/p><h4>\u00a0<\/h4><h4>Qu\u00e9 recopilamos<\/h4><p>Podemos recopilar la siguiente informaci\u00f3n:<\/p><ul><li>nombre y cargo<\/li><li>informaci\u00f3n de contacto, incluida la direcci\u00f3n de correo electr\u00f3nico<\/li><li>informaci\u00f3n demogr\u00e1fica como c\u00f3digo postal, preferencias e intereses<\/li><li>otros datos pertinentes para encuestas u ofertas a los clientes<\/li><\/ul><h4>Qu\u00e9 hacemos con la informaci\u00f3n que recopilamos<\/h4><p>Necesitamos esta informaci\u00f3n para comprender sus necesidades y ofrecerle un mejor servicio, y en particular por las siguientes razones:<\/p><ul><li>Mantenimiento de registros internos.<\/li><li>Podemos utilizar la informaci\u00f3n para mejorar nuestros productos y servicios.<\/li><li>Es posible que le enviemos peri\u00f3dicamente correos electr\u00f3nicos promocionales sobre nuevos productos, ofertas especiales u otra informaci\u00f3n que consideremos de su inter\u00e9s a trav\u00e9s de la direcci\u00f3n de correo electr\u00f3nico que nos haya facilitado.<\/li><li>De vez en cuando, tambi\u00e9n podemos utilizar su informaci\u00f3n para ponernos en contacto con usted con fines de investigaci\u00f3n de mercado. Podemos ponernos en contacto con usted por correo electr\u00f3nico, tel\u00e9fono, fax o correo postal. Podemos utilizar la informaci\u00f3n para personalizar el sitio web de acuerdo con sus intereses.<\/li><\/ul><h4>Seguridad<\/h4><p>Nos comprometemos a garantizar la seguridad de su informaci\u00f3n. Para evitar el acceso o la divulgaci\u00f3n no autorizados, hemos establecido procedimientos f\u00edsicos, electr\u00f3nicos y de gesti\u00f3n adecuados para salvaguardar y proteger la informaci\u00f3n que recopilamos en l\u00ednea.<\/p><h4>C\u00f3mo utilizamos las cookies<\/h4><p>Una cookie es un peque\u00f1o archivo que pide permiso para almacenarse en el disco duro de su ordenador. Una vez que usted acepta, el archivo se a\u00f1ade y la cookie ayuda a analizar el tr\u00e1fico web o le permite saber cu\u00e1ndo visita un sitio concreto. Las cookies permiten a las aplicaciones web responderle como individuo. La aplicaci\u00f3n web puede adaptar sus operaciones a sus necesidades, gustos y aversiones recopilando y recordando informaci\u00f3n sobre sus preferencias.<\/p><p>Utilizamos cookies de registro de tr\u00e1fico para identificar qu\u00e9 p\u00e1ginas se est\u00e1n utilizando. Esto nos ayuda a analizar datos sobre el tr\u00e1fico de p\u00e1ginas web y a mejorar nuestro sitio web para adaptarlo a las necesidades de los clientes. Solo utilizamos esta informaci\u00f3n con fines de an\u00e1lisis estad\u00edstico y luego los datos se eliminan del sistema.<\/p><p>En general, las cookies nos ayudan a ofrecerle un sitio web mejor, ya que nos permiten controlar qu\u00e9 p\u00e1ginas le resultan \u00fatiles y cu\u00e1les no. Una cookie no nos da acceso a su ordenador ni a ninguna informaci\u00f3n sobre usted, salvo los datos que usted decida compartir con nosotros.<\/p><p>Puede aceptar o rechazar las cookies. La mayor\u00eda de los navegadores aceptan autom\u00e1ticamente las cookies, pero normalmente puede modificar la configuraci\u00f3n de su navegador para rechazarlas si lo prefiere. Esto puede impedirle aprovechar plenamente el sitio web.<\/p><h4>Enlaces a otros sitios web<\/h4><p>Nuestro sitio web puede contener enlaces a otros sitios web de inter\u00e9s. Sin embargo, una vez que haya utilizado estos enlaces para salir de nuestro sitio, debe tener en cuenta que no tenemos ning\u00fan control sobre ese otro sitio web. Por lo tanto, no podemos responsabilizarnos de la protecci\u00f3n y privacidad de la informaci\u00f3n que usted proporcione al visitar dichos sitios y \u00e9stos no se rigen por la presente declaraci\u00f3n de privacidad. Le recomendamos que sea prudente y consulte la declaraci\u00f3n de confidencialidad aplicable al sitio web en cuesti\u00f3n.<\/p><h4>Control de sus datos personales<\/h4><p>Puede optar por restringir la recopilaci\u00f3n o el uso de su informaci\u00f3n personal de las siguientes maneras:<\/p><ul><li>siempre que se le pida que rellene un formulario en el sitio web, busque la casilla en la que puede hacer clic para indicar que no desea que nadie utilice la informaci\u00f3n con fines de venta directa<\/li><li>si ha aceptado previamente que utilicemos sus datos personales para fines de marketing directo, puede cambiar de opini\u00f3n en cualquier momento escribi\u00e9ndonos o envi\u00e1ndonos un correo electr\u00f3nico a enquiries@tekspan.com<\/li><\/ul><p>No venderemos, distribuiremos ni cederemos su informaci\u00f3n personal a terceros a menos que contemos con su permiso o la ley nos obligue a hacerlo. Podremos utilizar sus datos personales para enviarle informaci\u00f3n promocional sobre terceros que consideremos de su inter\u00e9s si nos indica que as\u00ed lo desea.<\/p><p>Puede solicitar detalles de la informaci\u00f3n personal que tenemos sobre usted en virtud de la Ley de Protecci\u00f3n de Datos de 1998. Deber\u00e1 abonar una peque\u00f1a cantidad. Si desea una copia de la informaci\u00f3n que tenemos sobre usted, escriba a Pioneer House, Hillsons Rd, Botley, Southampton, SO30 2DY.<\/p><p>Si cree que la informaci\u00f3n que tenemos sobre usted es incorrecta o incompleta, escr\u00edbanos o env\u00edenos un correo electr\u00f3nico lo antes posible a la direcci\u00f3n arriba indicada. Corregiremos inmediatamente cualquier informaci\u00f3n que resulte incorrecta.<\/p>\t\t\t\t\t\t\t\t<\/div>\n\t\t\t\t<\/div>\n\t\t\t\t\t<\/div>\n\t\t<\/div>\n\t\t\t\t\t<\/div>\n\t\t<\/section>\n\t\t\t\t<\/div>","protected":false},"excerpt":{"rendered":"<p>This privacy policy sets out how TekSpan uses and protects any information that you give TekSpan when you use this website. TekSpan is committed to ensuring that your privacy is protected. Should we ask you to provide certain information by which you can be identified when using this website, then you can be assured that [&hellip;]<\/p>","protected":false},"author":1,"featured_media":0,"parent":0,"menu_order":0,"comment_status":"closed","ping_status":"closed","template":"","meta":{"_acf_changed":false,"content-type":"","footnotes":""},"class_list":["post-685","page","type-page","status-publish","hentry"],"acf":[],"_links":{"self":[{"href":"https:\/\/tekspan.com\/es\/wp-json\/wp\/v2\/pages\/685","targetHints":{"allow":["GET"]}}],"collection":[{"href":"https:\/\/tekspan.com\/es\/wp-json\/wp\/v2\/pages"}],"about":[{"href":"https:\/\/tekspan.com\/es\/wp-json\/wp\/v2\/types\/page"}],"author":[{"embeddable":true,"href":"https:\/\/tekspan.com\/es\/wp-json\/wp\/v2\/users\/1"}],"replies":[{"embeddable":true,"href":"https:\/\/tekspan.com\/es\/wp-json\/wp\/v2\/comments?post=685"}],"version-history":[{"count":6,"href":"https:\/\/tekspan.com\/es\/wp-json\/wp\/v2\/pages\/685\/revisions"}],"predecessor-version":[{"id":4388,"href":"https:\/\/tekspan.com\/es\/wp-json\/wp\/v2\/pages\/685\/revisions\/4388"}],"wp:attachment":[{"href":"https:\/\/tekspan.com\/es\/wp-json\/wp\/v2\/media?parent=685"}],"curies":[{"name":"wp","href":"https:\/\/api.w.org\/{rel}","templated":true}]}}