{"id":1322,"date":"2022-10-07T10:41:17","date_gmt":"2022-10-07T09:41:17","guid":{"rendered":"https:\/\/tekspan.co.uk\/?post_type=product&#038;p=1322"},"modified":"2025-12-03T11:26:42","modified_gmt":"2025-12-03T11:26:42","slug":"cerrojo-tekspan-t-con-disco-de-acero","status":"publish","type":"product","link":"https:\/\/tekspan.com\/es\/product\/cerrojo-tekspan-t-con-disco-de-acero\/","title":{"rendered":"TekSpan\u00ae Perno de bloqueo en T con disco de acero"},"content":{"rendered":"<p>Para aplicaciones como la conexi\u00f3n de canal Unistrut est\u00e1ndar a TekSpan, se recomienda el perno T-Lock con arandela de disco de acero. Se utiliza el mismo perno T-Lock pero con una arandela de acero de alta resistencia para evitar el impacto en los componentes m\u00e1s ligeros que se est\u00e1n conectando.<\/p>\n<p>Los pernos TekSpan T-Lock est\u00e1n fabricados con cinc-n\u00edquel, lo que evita problemas como la formaci\u00f3n de part\u00edculas de cinc (como ocurre con los elementos de fijaci\u00f3n cincados). El recubrimiento de zinc-n\u00edquel tiene un porcentaje en peso de n\u00edquel 12-16% con un espesor de recubrimiento local de 12mu y pasivaci\u00f3n incandescente.<\/p>","protected":false},"excerpt":{"rendered":"<p>TekSpan\u00ae Perno de bloqueo en T con disco de acero<\/p>\n<p>Para aplicaciones como la conexi\u00f3n de canal Unistrut est\u00e1ndar a TekSpan, se recomienda el perno T-Lock con arandela de disco de acero.<\/p>","protected":false},"featured_media":1606,"template":"","meta":{"_acf_changed":false,"content-type":""},"product_brand":[],"product_cat":[35,21],"product_tag":[367],"class_list":{"0":"post-1322","1":"product","2":"type-product","3":"status-publish","4":"has-post-thumbnail","6":"product_cat-fixings","7":"product_cat-tekspan-product-range","8":"product_tag-r951-520","10":"first","11":"instock","12":"featured","13":"shipping-taxable","14":"product-type-simple"},"acf":[],"_links":{"self":[{"href":"https:\/\/tekspan.com\/es\/wp-json\/wp\/v2\/product\/1322","targetHints":{"allow":["GET"]}}],"collection":[{"href":"https:\/\/tekspan.com\/es\/wp-json\/wp\/v2\/product"}],"about":[{"href":"https:\/\/tekspan.com\/es\/wp-json\/wp\/v2\/types\/product"}],"wp:featuredmedia":[{"embeddable":true,"href":"https:\/\/tekspan.com\/es\/wp-json\/wp\/v2\/media\/1606"}],"wp:attachment":[{"href":"https:\/\/tekspan.com\/es\/wp-json\/wp\/v2\/media?parent=1322"}],"wp:term":[{"taxonomy":"product_brand","embeddable":true,"href":"https:\/\/tekspan.com\/es\/wp-json\/wp\/v2\/product_brand?post=1322"},{"taxonomy":"product_cat","embeddable":true,"href":"https:\/\/tekspan.com\/es\/wp-json\/wp\/v2\/product_cat?post=1322"},{"taxonomy":"product_tag","embeddable":true,"href":"https:\/\/tekspan.com\/es\/wp-json\/wp\/v2\/product_tag?post=1322"}],"curies":[{"name":"wp","href":"https:\/\/api.w.org\/{rel}","templated":true}]}}