{"id":1831,"date":"2024-04-09T11:14:03","date_gmt":"2024-04-09T10:14:03","guid":{"rendered":"https:\/\/tekspan.co.uk\/?post_type=product&#038;p=1831"},"modified":"2025-12-03T11:26:42","modified_gmt":"2025-12-03T11:26:42","slug":"tekspan-100x100mm-perfil-6-metros","status":"publish","type":"product","link":"https:\/\/tekspan.com\/es\/product\/tekspan-100x100mm-perfil-6-metros\/","title":{"rendered":"TekSpan\u00ae 100x100mm Perfil 6 Metros"},"content":{"rendered":"<p>Marcos de acero galvanizado de secci\u00f3n cuadrada para cargas pesadas, con la exclusiva ranura TekSpan para unir componentes y soportes. Fabricados con precisi\u00f3n en acero de 3,0 mm de espesor y galvanizados por inmersi\u00f3n en caliente con un espesor medio de cinc de 55 \u00b5m, los perfiles TekSpan se suministran en longitudes de 6 m y se pueden unir de extremo a extremo con los juegos de conectores R954-150. Cumple la norma BS EN 1461.<\/p>","protected":false},"excerpt":{"rendered":"<p>Perfil TekSpan\u00ae preranurado de 100 mm de longitud.<\/p>\n<p>Tama\u00f1os de corte a medida disponibles previa solicitud.<\/p>","protected":false},"featured_media":1603,"template":"","meta":{"_acf_changed":false,"content-type":""},"product_brand":[],"product_cat":[34,21],"product_tag":[361],"class_list":{"0":"post-1831","1":"product","2":"type-product","3":"status-publish","4":"has-post-thumbnail","6":"product_cat-profiles","7":"product_cat-tekspan-product-range","8":"product_tag-r950-807","10":"first","11":"instock","12":"featured","13":"downloadable","14":"virtual","15":"product-type-simple"},"acf":[],"_links":{"self":[{"href":"https:\/\/tekspan.com\/es\/wp-json\/wp\/v2\/product\/1831","targetHints":{"allow":["GET"]}}],"collection":[{"href":"https:\/\/tekspan.com\/es\/wp-json\/wp\/v2\/product"}],"about":[{"href":"https:\/\/tekspan.com\/es\/wp-json\/wp\/v2\/types\/product"}],"wp:featuredmedia":[{"embeddable":true,"href":"https:\/\/tekspan.com\/es\/wp-json\/wp\/v2\/media\/1603"}],"wp:attachment":[{"href":"https:\/\/tekspan.com\/es\/wp-json\/wp\/v2\/media?parent=1831"}],"wp:term":[{"taxonomy":"product_brand","embeddable":true,"href":"https:\/\/tekspan.com\/es\/wp-json\/wp\/v2\/product_brand?post=1831"},{"taxonomy":"product_cat","embeddable":true,"href":"https:\/\/tekspan.com\/es\/wp-json\/wp\/v2\/product_cat?post=1831"},{"taxonomy":"product_tag","embeddable":true,"href":"https:\/\/tekspan.com\/es\/wp-json\/wp\/v2\/product_tag?post=1831"}],"curies":[{"name":"wp","href":"https:\/\/api.w.org\/{rel}","templated":true}]}}