{"id":3213,"date":"2024-06-20T17:12:18","date_gmt":"2024-06-20T16:12:18","guid":{"rendered":"https:\/\/tekspan.co.uk\/?post_type=product&#038;p=3213"},"modified":"2025-12-03T11:26:42","modified_gmt":"2025-12-03T11:26:42","slug":"tekspan-t-lock-bolt-plus","status":"publish","type":"product","link":"https:\/\/tekspan.com\/es\/product\/tekspan-t-lock-bolt-plus\/","title":{"rendered":"TekSpan\u00ae Perno T-Lock Plus"},"content":{"rendered":"<p>El coraz\u00f3n del sistema TekSpan: el perno T-Lock. El nuevo y mejorado T-Lock Bolt Plus con arandela de bloqueo ranurada facilita a\u00fan m\u00e1s la instalaci\u00f3n.<\/p>\n<p>Perno en T de alta resistencia de grado 10,9 que se bloquea con seguridad en su lugar y une marcos y componentes en una fijaci\u00f3n permanente y f\u00e1cil de ajustar. El collar de fijaci\u00f3n mantiene la alineaci\u00f3n, mientras que los dientes de la cabeza en T del perno \"muerden\" el bastidor para una fijaci\u00f3n excepcionalmente segura.<\/p>\n<p>Los pernos TekSpan T-Lock est\u00e1n fabricados con cinc-n\u00edquel, lo que evita problemas como la formaci\u00f3n de part\u00edculas de cinc (como ocurre con los elementos de fijaci\u00f3n cincados). El recubrimiento de zinc-n\u00edquel tiene un porcentaje en peso de n\u00edquel 12-16% con un espesor de recubrimiento local de 12mu y pasivaci\u00f3n incandescente.<\/p>","protected":false},"excerpt":{"rendered":"<p>Perno en T de 10,9 g con arandela de bloqueo: se bloquea de forma segura a trav\u00e9s de las ranuras del bastidor con collar de fijaci\u00f3n y se \"muerde\" en la fijaci\u00f3n del soporte, lo que proporciona una resistencia excepcional a la uni\u00f3n.<\/p>","protected":false},"featured_media":3218,"template":"","meta":{"_acf_changed":false,"content-type":""},"product_brand":[],"product_cat":[35,21],"product_tag":[359],"class_list":{"0":"post-3213","1":"product","2":"type-product","3":"status-publish","4":"has-post-thumbnail","6":"product_cat-fixings","7":"product_cat-tekspan-product-range","8":"product_tag-r951-515","10":"first","11":"instock","12":"featured","13":"shipping-taxable","14":"product-type-simple"},"acf":[],"_links":{"self":[{"href":"https:\/\/tekspan.com\/es\/wp-json\/wp\/v2\/product\/3213","targetHints":{"allow":["GET"]}}],"collection":[{"href":"https:\/\/tekspan.com\/es\/wp-json\/wp\/v2\/product"}],"about":[{"href":"https:\/\/tekspan.com\/es\/wp-json\/wp\/v2\/types\/product"}],"wp:featuredmedia":[{"embeddable":true,"href":"https:\/\/tekspan.com\/es\/wp-json\/wp\/v2\/media\/3218"}],"wp:attachment":[{"href":"https:\/\/tekspan.com\/es\/wp-json\/wp\/v2\/media?parent=3213"}],"wp:term":[{"taxonomy":"product_brand","embeddable":true,"href":"https:\/\/tekspan.com\/es\/wp-json\/wp\/v2\/product_brand?post=3213"},{"taxonomy":"product_cat","embeddable":true,"href":"https:\/\/tekspan.com\/es\/wp-json\/wp\/v2\/product_cat?post=3213"},{"taxonomy":"product_tag","embeddable":true,"href":"https:\/\/tekspan.com\/es\/wp-json\/wp\/v2\/product_tag?post=3213"}],"curies":[{"name":"wp","href":"https:\/\/api.w.org\/{rel}","templated":true}]}}