{"id":816,"date":"2022-04-04T11:46:29","date_gmt":"2022-04-04T10:46:29","guid":{"rendered":"https:\/\/tekspan.co.uk\/?post_type=product&#038;p=816"},"modified":"2025-12-03T11:26:42","modified_gmt":"2025-12-03T11:26:42","slug":"tekspan-fixbob","status":"publish","type":"product","link":"https:\/\/tekspan.com\/es\/product\/tekspan-fixbob\/","title":{"rendered":"TekSpan\u00ae FixBOB M12"},"content":{"rendered":"<p>\u00datil herramienta reutilizable para facilitar la alineaci\u00f3n de las ranuras y la ubicaci\u00f3n de las fijaciones durante la instalaci\u00f3n.<\/p>","protected":false},"excerpt":{"rendered":"<p>TekSpan\u00ae FixBOB<br \/>\n\u00datil herramienta reutilizable para facilitar la alineaci\u00f3n de las ranuras durante la instalaci\u00f3n.<\/p>","protected":false},"featured_media":1597,"template":"","meta":{"_acf_changed":false,"content-type":""},"product_brand":[],"product_cat":[35,21],"product_tag":[388],"class_list":{"0":"post-816","1":"product","2":"type-product","3":"status-publish","4":"has-post-thumbnail","6":"product_cat-fixings","7":"product_cat-tekspan-product-range","8":"product_tag-r951-500","10":"first","11":"instock","12":"shipping-taxable","13":"product-type-simple"},"acf":[],"_links":{"self":[{"href":"https:\/\/tekspan.com\/es\/wp-json\/wp\/v2\/product\/816","targetHints":{"allow":["GET"]}}],"collection":[{"href":"https:\/\/tekspan.com\/es\/wp-json\/wp\/v2\/product"}],"about":[{"href":"https:\/\/tekspan.com\/es\/wp-json\/wp\/v2\/types\/product"}],"wp:featuredmedia":[{"embeddable":true,"href":"https:\/\/tekspan.com\/es\/wp-json\/wp\/v2\/media\/1597"}],"wp:attachment":[{"href":"https:\/\/tekspan.com\/es\/wp-json\/wp\/v2\/media?parent=816"}],"wp:term":[{"taxonomy":"product_brand","embeddable":true,"href":"https:\/\/tekspan.com\/es\/wp-json\/wp\/v2\/product_brand?post=816"},{"taxonomy":"product_cat","embeddable":true,"href":"https:\/\/tekspan.com\/es\/wp-json\/wp\/v2\/product_cat?post=816"},{"taxonomy":"product_tag","embeddable":true,"href":"https:\/\/tekspan.com\/es\/wp-json\/wp\/v2\/product_tag?post=816"}],"curies":[{"name":"wp","href":"https:\/\/api.w.org\/{rel}","templated":true}]}}