{"id":1322,"date":"2022-10-07T10:41:17","date_gmt":"2022-10-07T09:41:17","guid":{"rendered":"https:\/\/tekspan.co.uk\/?post_type=product&#038;p=1322"},"modified":"2025-12-03T11:26:42","modified_gmt":"2025-12-03T11:26:42","slug":"boulon-de-verrouillage-tekspan-t-avec-disque-en-acier","status":"publish","type":"product","link":"https:\/\/tekspan.com\/fr\/product\/boulon-de-verrouillage-tekspan-t-avec-disque-en-acier\/","title":{"rendered":"Boulon en T TekSpan\u00ae avec disque en acier"},"content":{"rendered":"<p>Pour les applications telles que la connexion de profil\u00e9s Unistrut standard \u00e0 TekSpan, il est recommand\u00e9 d'utiliser le boulon T-Lock avec une rondelle en acier. Il s'agit du m\u00eame boulon T-Lock mais avec une rondelle en acier robuste pour \u00e9viter d'impacter les composants plus l\u00e9gers qui sont raccord\u00e9s.<\/p>\n<p>Les boulons TekSpan T-Lock sont fabriqu\u00e9s \u00e0 partir de zinc-nickel, ce qui permet d'\u00e9viter les probl\u00e8mes tels que les moustaches de zinc (que l'on rencontre avec les fixations zingu\u00e9es). Le rev\u00eatement zinc-nickel a un pourcentage de poids de nickel 12-16% avec une \u00e9paisseur de rev\u00eatement locale de 12mu et une passivation incandescente.<\/p>","protected":false},"excerpt":{"rendered":"<p>Boulon en T TekSpan\u00ae avec disque en acier<\/p>\n<p>Pour les applications telles que le raccordement d'un profil\u00e9 Unistrut standard \u00e0 TekSpan, il est recommand\u00e9 d'utiliser le boulon T-Lock avec une rondelle en acier.<\/p>","protected":false},"featured_media":1606,"template":"","meta":{"_acf_changed":false,"content-type":""},"product_brand":[],"product_cat":[35,21],"product_tag":[367],"class_list":{"0":"post-1322","1":"product","2":"type-product","3":"status-publish","4":"has-post-thumbnail","6":"product_cat-fixings","7":"product_cat-tekspan-product-range","8":"product_tag-r951-520","10":"first","11":"instock","12":"featured","13":"shipping-taxable","14":"product-type-simple"},"acf":[],"_links":{"self":[{"href":"https:\/\/tekspan.com\/fr\/wp-json\/wp\/v2\/product\/1322","targetHints":{"allow":["GET"]}}],"collection":[{"href":"https:\/\/tekspan.com\/fr\/wp-json\/wp\/v2\/product"}],"about":[{"href":"https:\/\/tekspan.com\/fr\/wp-json\/wp\/v2\/types\/product"}],"wp:featuredmedia":[{"embeddable":true,"href":"https:\/\/tekspan.com\/fr\/wp-json\/wp\/v2\/media\/1606"}],"wp:attachment":[{"href":"https:\/\/tekspan.com\/fr\/wp-json\/wp\/v2\/media?parent=1322"}],"wp:term":[{"taxonomy":"product_brand","embeddable":true,"href":"https:\/\/tekspan.com\/fr\/wp-json\/wp\/v2\/product_brand?post=1322"},{"taxonomy":"product_cat","embeddable":true,"href":"https:\/\/tekspan.com\/fr\/wp-json\/wp\/v2\/product_cat?post=1322"},{"taxonomy":"product_tag","embeddable":true,"href":"https:\/\/tekspan.com\/fr\/wp-json\/wp\/v2\/product_tag?post=1322"}],"curies":[{"name":"wp","href":"https:\/\/api.w.org\/{rel}","templated":true}]}}