{"id":1831,"date":"2024-04-09T11:14:03","date_gmt":"2024-04-09T10:14:03","guid":{"rendered":"https:\/\/tekspan.co.uk\/?post_type=product&#038;p=1831"},"modified":"2025-12-03T11:26:42","modified_gmt":"2025-12-03T11:26:42","slug":"tekspan-100x100mm-profil-6-metres","status":"publish","type":"product","link":"https:\/\/tekspan.com\/fr\/product\/tekspan-100x100mm-profil-6-metres\/","title":{"rendered":"TekSpan\u00ae 100x100mm Profil 6 m\u00e8tres"},"content":{"rendered":"<p>Cadres en profil\u00e9s caissons en acier galvanis\u00e9 pour charges lourdes, avec la fente TekSpan unique pour l'assemblage de composants et d'\u00e9l\u00e9ments de fixation. Fabriqu\u00e9s avec pr\u00e9cision en acier de 3,0 mm d'\u00e9paisseur et galvanis\u00e9s \u00e0 chaud pour une \u00e9paisseur moyenne de zinc de 55 \u00b5m, les profil\u00e9s TekSpan sont fournis en longueurs de 6 m et peuvent \u00eatre assembl\u00e9s bout \u00e0 bout \u00e0 l'aide de jeux de connecteurs R954-150. Conforme \u00e0 la norme BS EN 1461.<\/p>","protected":false},"excerpt":{"rendered":"<p>TekSpan\u00ae Pre-Slotted 100mm Profile Length.<\/p>\n<p>Des tailles de coupe sur mesure sont disponibles sur demande.<\/p>","protected":false},"featured_media":1603,"template":"","meta":{"_acf_changed":false,"content-type":""},"product_brand":[],"product_cat":[34,21],"product_tag":[361],"class_list":{"0":"post-1831","1":"product","2":"type-product","3":"status-publish","4":"has-post-thumbnail","6":"product_cat-profiles","7":"product_cat-tekspan-product-range","8":"product_tag-r950-807","10":"first","11":"instock","12":"featured","13":"downloadable","14":"virtual","15":"product-type-simple"},"acf":[],"_links":{"self":[{"href":"https:\/\/tekspan.com\/fr\/wp-json\/wp\/v2\/product\/1831","targetHints":{"allow":["GET"]}}],"collection":[{"href":"https:\/\/tekspan.com\/fr\/wp-json\/wp\/v2\/product"}],"about":[{"href":"https:\/\/tekspan.com\/fr\/wp-json\/wp\/v2\/types\/product"}],"wp:featuredmedia":[{"embeddable":true,"href":"https:\/\/tekspan.com\/fr\/wp-json\/wp\/v2\/media\/1603"}],"wp:attachment":[{"href":"https:\/\/tekspan.com\/fr\/wp-json\/wp\/v2\/media?parent=1831"}],"wp:term":[{"taxonomy":"product_brand","embeddable":true,"href":"https:\/\/tekspan.com\/fr\/wp-json\/wp\/v2\/product_brand?post=1831"},{"taxonomy":"product_cat","embeddable":true,"href":"https:\/\/tekspan.com\/fr\/wp-json\/wp\/v2\/product_cat?post=1831"},{"taxonomy":"product_tag","embeddable":true,"href":"https:\/\/tekspan.com\/fr\/wp-json\/wp\/v2\/product_tag?post=1831"}],"curies":[{"name":"wp","href":"https:\/\/api.w.org\/{rel}","templated":true}]}}