{"id":3152,"date":"2024-06-12T10:59:47","date_gmt":"2024-06-12T09:59:47","guid":{"rendered":"https:\/\/tekspan.co.uk\/?post_type=product&#038;p=3152"},"modified":"2025-12-03T11:26:42","modified_gmt":"2025-12-03T11:26:42","slug":"pied-carre-en-caoutchouc-tekspan-pour-profile-de-80-mm","status":"publish","type":"product","link":"https:\/\/tekspan.com\/fr\/product\/pied-carre-en-caoutchouc-tekspan-pour-profile-de-80-mm\/","title":{"rendered":"TekSpan\u00ae Pieds carr\u00e9s en caoutchouc pour profil\u00e9s de 80 mm"},"content":{"rendered":"<p>Pied carr\u00e9 en caoutchouc pour profil\u00e9s TekSpan 80 mm, \u00e0 utiliser pour soutenir les cadres sur les membranes de toiture et autres surfaces sensibles. La large surface portante r\u00e9duit le risque de p\u00e9n\u00e9tration de la charge ponctuelle dans la membrane du toit. L'insertion d'une plaque d'acier emp\u00eache le d\u00e9coupage du profil\u00e9 dans le caoutchouc. Absorption du bruit et des vibrations et r\u00e9duction du risque de glissement entre la membrane du toit et le pied. Trous pr\u00e9-perc\u00e9s pour fixation optionnelle.<\/p>","protected":false},"excerpt":{"rendered":"<p>Pieds carr\u00e9s en caoutchouc pour profil\u00e9s TekSpan 80mm<\/p>","protected":false},"featured_media":3155,"template":"","meta":{"_acf_changed":false,"content-type":""},"product_brand":[],"product_cat":[39,21],"product_tag":[360],"class_list":{"0":"post-3152","1":"product","2":"type-product","3":"status-publish","4":"has-post-thumbnail","6":"product_cat-baseplates","7":"product_cat-tekspan-product-range","8":"product_tag-r605-386","10":"first","11":"instock","12":"shipping-taxable","13":"product-type-simple"},"acf":[],"_links":{"self":[{"href":"https:\/\/tekspan.com\/fr\/wp-json\/wp\/v2\/product\/3152","targetHints":{"allow":["GET"]}}],"collection":[{"href":"https:\/\/tekspan.com\/fr\/wp-json\/wp\/v2\/product"}],"about":[{"href":"https:\/\/tekspan.com\/fr\/wp-json\/wp\/v2\/types\/product"}],"wp:featuredmedia":[{"embeddable":true,"href":"https:\/\/tekspan.com\/fr\/wp-json\/wp\/v2\/media\/3155"}],"wp:attachment":[{"href":"https:\/\/tekspan.com\/fr\/wp-json\/wp\/v2\/media?parent=3152"}],"wp:term":[{"taxonomy":"product_brand","embeddable":true,"href":"https:\/\/tekspan.com\/fr\/wp-json\/wp\/v2\/product_brand?post=3152"},{"taxonomy":"product_cat","embeddable":true,"href":"https:\/\/tekspan.com\/fr\/wp-json\/wp\/v2\/product_cat?post=3152"},{"taxonomy":"product_tag","embeddable":true,"href":"https:\/\/tekspan.com\/fr\/wp-json\/wp\/v2\/product_tag?post=3152"}],"curies":[{"name":"wp","href":"https:\/\/api.w.org\/{rel}","templated":true}]}}