{"id":3727,"date":"2024-09-19T14:09:28","date_gmt":"2024-09-19T13:09:28","guid":{"rendered":"https:\/\/tekspan.co.uk\/?post_type=product&#038;p=3727"},"modified":"2026-01-30T09:18:16","modified_gmt":"2026-01-30T09:18:16","slug":"plaques-dangle-tekspan-pour-profiles-de-100-mm","status":"publish","type":"product","link":"https:\/\/tekspan.com\/fr\/product\/plaques-dangle-tekspan-pour-profiles-de-100-mm\/","title":{"rendered":"Plaques d'angle TekSpan\u00ae pour profil\u00e9s de 100 mm"},"content":{"rendered":"<p>Paire d'\u00e9querres d'angle, pour la fixation frontale de joints de profil\u00e9s \u00e0 90 degr\u00e9s.<\/p>","protected":false},"excerpt":{"rendered":"<p>Paire d'\u00e9querres d'angle, pour la fixation frontale d'un joint horizontal \u00e0 90<\/p>","protected":false},"featured_media":1604,"template":"","meta":{"_acf_changed":false,"content-type":""},"product_brand":[],"product_cat":[40,21],"product_tag":[353],"class_list":{"0":"post-3727","1":"product","2":"type-product","3":"status-publish","4":"has-post-thumbnail","6":"product_cat-brackets","7":"product_cat-tekspan-product-range","8":"product_tag-r954-119","10":"first","11":"instock","12":"featured","13":"shipping-taxable","14":"product-type-simple"},"acf":[],"_links":{"self":[{"href":"https:\/\/tekspan.com\/fr\/wp-json\/wp\/v2\/product\/3727","targetHints":{"allow":["GET"]}}],"collection":[{"href":"https:\/\/tekspan.com\/fr\/wp-json\/wp\/v2\/product"}],"about":[{"href":"https:\/\/tekspan.com\/fr\/wp-json\/wp\/v2\/types\/product"}],"wp:featuredmedia":[{"embeddable":true,"href":"https:\/\/tekspan.com\/fr\/wp-json\/wp\/v2\/media\/1604"}],"wp:attachment":[{"href":"https:\/\/tekspan.com\/fr\/wp-json\/wp\/v2\/media?parent=3727"}],"wp:term":[{"taxonomy":"product_brand","embeddable":true,"href":"https:\/\/tekspan.com\/fr\/wp-json\/wp\/v2\/product_brand?post=3727"},{"taxonomy":"product_cat","embeddable":true,"href":"https:\/\/tekspan.com\/fr\/wp-json\/wp\/v2\/product_cat?post=3727"},{"taxonomy":"product_tag","embeddable":true,"href":"https:\/\/tekspan.com\/fr\/wp-json\/wp\/v2\/product_tag?post=3727"}],"curies":[{"name":"wp","href":"https:\/\/api.w.org\/{rel}","templated":true}]}}