{"id":3729,"date":"2024-09-19T14:11:11","date_gmt":"2024-09-19T13:11:11","guid":{"rendered":"https:\/\/tekspan.co.uk\/?post_type=product&#038;p=3729"},"modified":"2026-01-30T09:19:22","modified_gmt":"2026-01-30T09:19:22","slug":"supports-de-plaque-en-t-tekspan-pour-profil-de-100mm","status":"publish","type":"product","link":"https:\/\/tekspan.com\/fr\/product\/supports-de-plaque-en-t-tekspan-pour-profil-de-100mm\/","title":{"rendered":"TekSpan\u00ae Supports pour plaques en T pour profil\u00e9s de 100 mm"},"content":{"rendered":"<p>Paire d'\u00e9querres en T, pour l'assemblage frontal de joints de profil\u00e9s de 100 mm.<\/p>\n<p>Peut \u00eatre utilis\u00e9 avec deux jeux de boulons pour cr\u00e9er un angle de 90\u00b0, ou un jeu de boulons pour cr\u00e9er un angle variable.<\/p>","protected":false},"excerpt":{"rendered":"<p class=\"_04xlpA direction-ltr align-start para-style-body\"><span class=\"JsGRdQ\">Paire de supports de plaque en T, pour la fixation frontale d'un joint en T.<\/span><\/p>","protected":false},"featured_media":1631,"template":"","meta":{"_acf_changed":false,"content-type":""},"product_brand":[],"product_cat":[40,21],"product_tag":[351],"class_list":{"0":"post-3729","1":"product","2":"type-product","3":"status-publish","4":"has-post-thumbnail","6":"product_cat-brackets","7":"product_cat-tekspan-product-range","8":"product_tag-r954-121","10":"first","11":"instock","12":"shipping-taxable","13":"product-type-simple"},"acf":[],"_links":{"self":[{"href":"https:\/\/tekspan.com\/fr\/wp-json\/wp\/v2\/product\/3729","targetHints":{"allow":["GET"]}}],"collection":[{"href":"https:\/\/tekspan.com\/fr\/wp-json\/wp\/v2\/product"}],"about":[{"href":"https:\/\/tekspan.com\/fr\/wp-json\/wp\/v2\/types\/product"}],"wp:featuredmedia":[{"embeddable":true,"href":"https:\/\/tekspan.com\/fr\/wp-json\/wp\/v2\/media\/1631"}],"wp:attachment":[{"href":"https:\/\/tekspan.com\/fr\/wp-json\/wp\/v2\/media?parent=3729"}],"wp:term":[{"taxonomy":"product_brand","embeddable":true,"href":"https:\/\/tekspan.com\/fr\/wp-json\/wp\/v2\/product_brand?post=3729"},{"taxonomy":"product_cat","embeddable":true,"href":"https:\/\/tekspan.com\/fr\/wp-json\/wp\/v2\/product_cat?post=3729"},{"taxonomy":"product_tag","embeddable":true,"href":"https:\/\/tekspan.com\/fr\/wp-json\/wp\/v2\/product_tag?post=3729"}],"curies":[{"name":"wp","href":"https:\/\/api.w.org\/{rel}","templated":true}]}}