{"id":3732,"date":"2024-09-19T14:11:53","date_gmt":"2024-09-19T13:11:53","guid":{"rendered":"https:\/\/tekspan.co.uk\/?post_type=product&#038;p=3732"},"modified":"2025-12-03T11:26:44","modified_gmt":"2025-12-03T11:26:44","slug":"plaque-de-base-tekspan-pour-profile-de-100-mm","status":"publish","type":"product","link":"https:\/\/tekspan.com\/fr\/product\/plaque-de-base-tekspan-pour-profile-de-100-mm\/","title":{"rendered":"Plaque de base TekSpan\u00ae pour profil\u00e9 de 100 mm"},"content":{"rendered":"<p>Plaque de base pour le montage au sol ou au mur des profil\u00e9s TekSpan de 100 mm. Avec des fentes pr\u00e9-perc\u00e9es pour les boulons de fixation.<\/p>","protected":false},"excerpt":{"rendered":"<p class=\"_04xlpA direction-ltr align-start para-style-body\"><span class=\"JsGRdQ\">Plaque de base TekSpan<\/span><\/p>\n<p class=\"_04xlpA direction-ltr align-start para-style-body\"><span class=\"JsGRdQ\">Pied d'embase \u00e0 boulonner, pour un montage au sol ou au mur.<\/span><\/p>","protected":false},"featured_media":1635,"template":"","meta":{"_acf_changed":false,"content-type":""},"product_brand":[],"product_cat":[39,21],"product_tag":[348],"class_list":{"0":"post-3732","1":"product","2":"type-product","3":"status-publish","4":"has-post-thumbnail","6":"product_cat-baseplates","7":"product_cat-tekspan-product-range","8":"product_tag-r954-135","10":"first","11":"instock","12":"featured","13":"shipping-taxable","14":"product-type-simple"},"acf":[],"_links":{"self":[{"href":"https:\/\/tekspan.com\/fr\/wp-json\/wp\/v2\/product\/3732","targetHints":{"allow":["GET"]}}],"collection":[{"href":"https:\/\/tekspan.com\/fr\/wp-json\/wp\/v2\/product"}],"about":[{"href":"https:\/\/tekspan.com\/fr\/wp-json\/wp\/v2\/types\/product"}],"wp:featuredmedia":[{"embeddable":true,"href":"https:\/\/tekspan.com\/fr\/wp-json\/wp\/v2\/media\/1635"}],"wp:attachment":[{"href":"https:\/\/tekspan.com\/fr\/wp-json\/wp\/v2\/media?parent=3732"}],"wp:term":[{"taxonomy":"product_brand","embeddable":true,"href":"https:\/\/tekspan.com\/fr\/wp-json\/wp\/v2\/product_brand?post=3732"},{"taxonomy":"product_cat","embeddable":true,"href":"https:\/\/tekspan.com\/fr\/wp-json\/wp\/v2\/product_cat?post=3732"},{"taxonomy":"product_tag","embeddable":true,"href":"https:\/\/tekspan.com\/fr\/wp-json\/wp\/v2\/product_tag?post=3732"}],"curies":[{"name":"wp","href":"https:\/\/api.w.org\/{rel}","templated":true}]}}