{"id":3734,"date":"2024-09-19T14:11:59","date_gmt":"2024-09-19T13:11:59","guid":{"rendered":"https:\/\/tekspan.co.uk\/?post_type=product&#038;p=3734"},"modified":"2025-12-03T11:26:43","modified_gmt":"2025-12-03T11:26:43","slug":"tekspan-integral-baseplate-foot-and-100mm-profile","status":"publish","type":"product","link":"https:\/\/tekspan.com\/fr\/product\/tekspan-integral-baseplate-foot-and-100mm-profile\/","title":{"rendered":"TekSpan\u00ae 720mm Pied de plaque de base int\u00e9grale et profil\u00e9 de 100mm"},"content":{"rendered":"<p>Plaque de base et profil\u00e9 int\u00e9gr\u00e9s, avec joint soud\u00e9. Permet le montage mural ou au sol des profil\u00e9s et des supports.<\/p>","protected":false},"excerpt":{"rendered":"<p>TekSpan\u00ae Integral Baseplate Foot and Frame (pied et cadre)<br \/>\nPied de la plaque de base et section du cadre int\u00e9gr\u00e9s, pour les installations \u00e0 faible hauteur et les montages muraux.<\/p>","protected":false},"featured_media":1613,"template":"","meta":{"_acf_changed":false,"content-type":""},"product_brand":[],"product_cat":[48,34,21],"product_tag":[346],"class_list":{"0":"post-3734","1":"product","2":"type-product","3":"status-publish","4":"has-post-thumbnail","6":"product_cat-integral-baseplates","7":"product_cat-profiles","8":"product_cat-tekspan-product-range","9":"product_tag-r954-107","11":"first","12":"instock","13":"shipping-taxable","14":"product-type-simple"},"acf":[],"_links":{"self":[{"href":"https:\/\/tekspan.com\/fr\/wp-json\/wp\/v2\/product\/3734","targetHints":{"allow":["GET"]}}],"collection":[{"href":"https:\/\/tekspan.com\/fr\/wp-json\/wp\/v2\/product"}],"about":[{"href":"https:\/\/tekspan.com\/fr\/wp-json\/wp\/v2\/types\/product"}],"wp:featuredmedia":[{"embeddable":true,"href":"https:\/\/tekspan.com\/fr\/wp-json\/wp\/v2\/media\/1613"}],"wp:attachment":[{"href":"https:\/\/tekspan.com\/fr\/wp-json\/wp\/v2\/media?parent=3734"}],"wp:term":[{"taxonomy":"product_brand","embeddable":true,"href":"https:\/\/tekspan.com\/fr\/wp-json\/wp\/v2\/product_brand?post=3734"},{"taxonomy":"product_cat","embeddable":true,"href":"https:\/\/tekspan.com\/fr\/wp-json\/wp\/v2\/product_cat?post=3734"},{"taxonomy":"product_tag","embeddable":true,"href":"https:\/\/tekspan.com\/fr\/wp-json\/wp\/v2\/product_tag?post=3734"}],"curies":[{"name":"wp","href":"https:\/\/api.w.org\/{rel}","templated":true}]}}