{"id":3741,"date":"2024-09-19T14:14:17","date_gmt":"2024-09-19T13:14:17","guid":{"rendered":"https:\/\/tekspan.co.uk\/?post_type=product&#038;p=3741"},"modified":"2025-12-03T11:26:43","modified_gmt":"2025-12-03T11:26:43","slug":"plaque-de-support-horizontale-tekspan-pour-profile-de-100-mm","status":"publish","type":"product","link":"https:\/\/tekspan.com\/fr\/product\/plaque-de-support-horizontale-tekspan-pour-profile-de-100-mm\/","title":{"rendered":"TekSpan\u00ae Plaque de support horizontale pour profil\u00e9 de 100 mm"},"content":{"rendered":"<p>Plaque de support pour raccorder les profil\u00e9s TekSpan en angle. Permet de raccorder les profil\u00e9s pour un renforcement et une rigidit\u00e9 suppl\u00e9mentaires.<\/p>","protected":false},"excerpt":{"rendered":"<p>TekSpan\u00ae Plaque de support 100mm<br \/>\nPlaque de support pour les cadres de montage, avec la possibilit\u00e9 de supporter des connexions angulaires.<\/p>","protected":false},"featured_media":4926,"template":"","meta":{"_acf_changed":false,"content-type":""},"product_brand":[],"product_cat":[39,21],"product_tag":[340],"class_list":{"0":"post-3741","1":"product","2":"type-product","3":"status-publish","4":"has-post-thumbnail","6":"product_cat-baseplates","7":"product_cat-tekspan-product-range","8":"product_tag-r953-116","10":"first","11":"instock","12":"featured","13":"shipping-taxable","14":"product-type-simple"},"acf":[],"_links":{"self":[{"href":"https:\/\/tekspan.com\/fr\/wp-json\/wp\/v2\/product\/3741","targetHints":{"allow":["GET"]}}],"collection":[{"href":"https:\/\/tekspan.com\/fr\/wp-json\/wp\/v2\/product"}],"about":[{"href":"https:\/\/tekspan.com\/fr\/wp-json\/wp\/v2\/types\/product"}],"wp:featuredmedia":[{"embeddable":true,"href":"https:\/\/tekspan.com\/fr\/wp-json\/wp\/v2\/media\/4926"}],"wp:attachment":[{"href":"https:\/\/tekspan.com\/fr\/wp-json\/wp\/v2\/media?parent=3741"}],"wp:term":[{"taxonomy":"product_brand","embeddable":true,"href":"https:\/\/tekspan.com\/fr\/wp-json\/wp\/v2\/product_brand?post=3741"},{"taxonomy":"product_cat","embeddable":true,"href":"https:\/\/tekspan.com\/fr\/wp-json\/wp\/v2\/product_cat?post=3741"},{"taxonomy":"product_tag","embeddable":true,"href":"https:\/\/tekspan.com\/fr\/wp-json\/wp\/v2\/product_tag?post=3741"}],"curies":[{"name":"wp","href":"https:\/\/api.w.org\/{rel}","templated":true}]}}