{"id":4779,"date":"2025-05-29T17:02:45","date_gmt":"2025-05-29T16:02:45","guid":{"rendered":"https:\/\/tekspan.com\/?post_type=product&#038;p=4779"},"modified":"2026-04-16T10:13:18","modified_gmt":"2026-04-16T09:13:18","slug":"plaque-a-bossage-filetee-tekspan-m16","status":"publish","type":"product","link":"https:\/\/tekspan.com\/fr\/product\/plaque-a-bossage-filetee-tekspan-m16\/","title":{"rendered":"TekSpan\u00ae Plaque \u00e0 bossage filet\u00e9e M16"},"content":{"rendered":"<p>Pour le montage sur le profil\u00e9 TekSpan afin de r\u00e9aliser des connexions filet\u00e9es M16.<\/p>","protected":false},"excerpt":{"rendered":"<p>Pour le montage sur le profil\u00e9 de montage TekSpan afin de r\u00e9aliser des connexions filet\u00e9es M16.<\/p>","protected":false},"featured_media":4778,"template":"","meta":{"_acf_changed":false,"content-type":""},"product_brand":[],"product_cat":[21,37],"product_tag":[408],"class_list":{"0":"post-4779","1":"product","2":"type-product","3":"status-publish","4":"has-post-thumbnail","6":"product_cat-tekspan-product-range","7":"product_cat-thread-connectors","8":"product_tag-r952-061","10":"first","11":"instock","12":"shipping-taxable","13":"product-type-simple"},"acf":[],"_links":{"self":[{"href":"https:\/\/tekspan.com\/fr\/wp-json\/wp\/v2\/product\/4779","targetHints":{"allow":["GET"]}}],"collection":[{"href":"https:\/\/tekspan.com\/fr\/wp-json\/wp\/v2\/product"}],"about":[{"href":"https:\/\/tekspan.com\/fr\/wp-json\/wp\/v2\/types\/product"}],"wp:featuredmedia":[{"embeddable":true,"href":"https:\/\/tekspan.com\/fr\/wp-json\/wp\/v2\/media\/4778"}],"wp:attachment":[{"href":"https:\/\/tekspan.com\/fr\/wp-json\/wp\/v2\/media?parent=4779"}],"wp:term":[{"taxonomy":"product_brand","embeddable":true,"href":"https:\/\/tekspan.com\/fr\/wp-json\/wp\/v2\/product_brand?post=4779"},{"taxonomy":"product_cat","embeddable":true,"href":"https:\/\/tekspan.com\/fr\/wp-json\/wp\/v2\/product_cat?post=4779"},{"taxonomy":"product_tag","embeddable":true,"href":"https:\/\/tekspan.com\/fr\/wp-json\/wp\/v2\/product_tag?post=4779"}],"curies":[{"name":"wp","href":"https:\/\/api.w.org\/{rel}","templated":true}]}}