{"id":4790,"date":"2025-06-02T12:15:41","date_gmt":"2025-06-02T11:15:41","guid":{"rendered":"https:\/\/tekspan.com\/?post_type=product&#038;p=4790"},"modified":"2025-12-03T11:26:45","modified_gmt":"2025-12-03T11:26:45","slug":"tekspan-clevis-yoke-connector-m16","status":"publish","type":"product","link":"https:\/\/tekspan.com\/fr\/product\/tekspan-clevis-yoke-connector-m16\/","title":{"rendered":"TekSpan\u00ae Connecteur \u00e0 chape \u00e0 \u00e9trier M16"},"content":{"rendered":"<p>Se connecte au profil\u00e9 TekSpan de 100 mm pour l'utiliser comme point de levage, ou avec l'\u00e9trier \u00e0 chape optionnel pour fournir une tension \u00e0 l'aide d'une tige filet\u00e9e M16.<\/p>","protected":false},"excerpt":{"rendered":"<p>Se connecte au profil\u00e9 TekSpan de 100 mm pour l'utiliser comme point de levage, ou avec l'\u00e9trier \u00e0 chape optionnel pour fournir une tension \u00e0 l'aide d'une tige filet\u00e9e M16.<\/p>","protected":false},"featured_media":4786,"template":"","meta":{"_acf_changed":false,"content-type":""},"product_brand":[],"product_cat":[21,37],"product_tag":[415],"class_list":{"0":"post-4790","1":"product","2":"type-product","3":"status-publish","4":"has-post-thumbnail","6":"product_cat-tekspan-product-range","7":"product_cat-thread-connectors","8":"product_tag-r954-170","10":"first","11":"instock","12":"shipping-taxable","13":"product-type-simple"},"acf":[],"_links":{"self":[{"href":"https:\/\/tekspan.com\/fr\/wp-json\/wp\/v2\/product\/4790","targetHints":{"allow":["GET"]}}],"collection":[{"href":"https:\/\/tekspan.com\/fr\/wp-json\/wp\/v2\/product"}],"about":[{"href":"https:\/\/tekspan.com\/fr\/wp-json\/wp\/v2\/types\/product"}],"wp:featuredmedia":[{"embeddable":true,"href":"https:\/\/tekspan.com\/fr\/wp-json\/wp\/v2\/media\/4786"}],"wp:attachment":[{"href":"https:\/\/tekspan.com\/fr\/wp-json\/wp\/v2\/media?parent=4790"}],"wp:term":[{"taxonomy":"product_brand","embeddable":true,"href":"https:\/\/tekspan.com\/fr\/wp-json\/wp\/v2\/product_brand?post=4790"},{"taxonomy":"product_cat","embeddable":true,"href":"https:\/\/tekspan.com\/fr\/wp-json\/wp\/v2\/product_cat?post=4790"},{"taxonomy":"product_tag","embeddable":true,"href":"https:\/\/tekspan.com\/fr\/wp-json\/wp\/v2\/product_tag?post=4790"}],"curies":[{"name":"wp","href":"https:\/\/api.w.org\/{rel}","templated":true}]}}