{"id":5051,"date":"2022-08-25T11:31:18","date_gmt":"2022-08-25T10:31:18","guid":{"rendered":"https:\/\/tekspan.com\/product\/tekspan-profile-head-adaptor-m16\/"},"modified":"2025-12-10T09:34:32","modified_gmt":"2025-12-10T09:34:32","slug":"adaptateur-de-tete-de-profile-tekspan-m16","status":"publish","type":"product","link":"https:\/\/tekspan.com\/fr\/product\/adaptateur-de-tete-de-profile-tekspan-m16\/","title":{"rendered":"TekSpan\u00ae Adaptateur pour t\u00eate profil\u00e9e M16"},"content":{"rendered":"<p>Pour le montage \u00e0 l'extr\u00e9mit\u00e9 du profil\u00e9 TekSpan afin de r\u00e9aliser des raccords filet\u00e9s.<\/p>","protected":false},"excerpt":{"rendered":"<p>Pour le montage \u00e0 l'extr\u00e9mit\u00e9 du profil\u00e9 TekSpan afin de r\u00e9aliser des connexions filet\u00e9es M16.<\/p>","protected":false},"featured_media":5044,"template":"","meta":{"_acf_changed":false,"content-type":""},"product_brand":[],"product_cat":[21,37],"product_tag":[427],"class_list":{"0":"post-5051","1":"product","2":"type-product","3":"status-publish","4":"has-post-thumbnail","6":"product_cat-tekspan-product-range","7":"product_cat-thread-connectors","8":"product_tag-r952-064","10":"first","11":"instock","12":"shipping-taxable","13":"product-type-simple"},"acf":[],"_links":{"self":[{"href":"https:\/\/tekspan.com\/fr\/wp-json\/wp\/v2\/product\/5051","targetHints":{"allow":["GET"]}}],"collection":[{"href":"https:\/\/tekspan.com\/fr\/wp-json\/wp\/v2\/product"}],"about":[{"href":"https:\/\/tekspan.com\/fr\/wp-json\/wp\/v2\/types\/product"}],"wp:featuredmedia":[{"embeddable":true,"href":"https:\/\/tekspan.com\/fr\/wp-json\/wp\/v2\/media\/5044"}],"wp:attachment":[{"href":"https:\/\/tekspan.com\/fr\/wp-json\/wp\/v2\/media?parent=5051"}],"wp:term":[{"taxonomy":"product_brand","embeddable":true,"href":"https:\/\/tekspan.com\/fr\/wp-json\/wp\/v2\/product_brand?post=5051"},{"taxonomy":"product_cat","embeddable":true,"href":"https:\/\/tekspan.com\/fr\/wp-json\/wp\/v2\/product_cat?post=5051"},{"taxonomy":"product_tag","embeddable":true,"href":"https:\/\/tekspan.com\/fr\/wp-json\/wp\/v2\/product_tag?post=5051"}],"curies":[{"name":"wp","href":"https:\/\/api.w.org\/{rel}","templated":true}]}}