{"id":702,"date":"2022-03-30T11:39:07","date_gmt":"2022-03-30T10:39:07","guid":{"rendered":"https:\/\/tekspan.co.uk\/?post_type=product&#038;p=702"},"modified":"2025-12-03T10:59:07","modified_gmt":"2025-12-03T10:59:07","slug":"tekspan-80x80mm-profil-6m","status":"publish","type":"product","link":"https:\/\/tekspan.com\/fr\/product\/tekspan-80x80mm-profil-6m\/","title":{"rendered":"TekSpan\u00ae 80x80mm Profil 6 m\u00e8tres"},"content":{"rendered":"<p>Cadres en profil\u00e9s caissons en acier galvanis\u00e9 pour charges lourdes, dot\u00e9s de la fente TekSpan unique pour l'assemblage de composants et de supports. Fabriqu\u00e9s avec pr\u00e9cision en acier de 2,5 mm d'\u00e9paisseur et galvanis\u00e9s \u00e0 chaud pour une \u00e9paisseur moyenne de zinc de 55 \u00b5m, les profil\u00e9s TekSpan sont fournis en longueurs de 6 m et peuvent \u00eatre assembl\u00e9s bout \u00e0 bout \u00e0 l'aide de jeux de connecteurs R954-150. Conforme \u00e0 la norme BS EN 1461.<\/p>","protected":false},"excerpt":{"rendered":"<p>TekSpan\u00ae Pre-Slotted 80mm Profile Length.<\/p>\n<p>Des tailles de coupe sur mesure sont disponibles sur demande.<\/p>","protected":false},"featured_media":1603,"template":"","meta":{"_acf_changed":false,"content-type":""},"product_brand":[],"product_cat":[34,21],"product_tag":[389],"class_list":{"0":"post-702","1":"product","2":"type-product","3":"status-publish","4":"has-post-thumbnail","6":"product_cat-profiles","7":"product_cat-tekspan-product-range","8":"product_tag-r950-806","10":"first","11":"instock","12":"featured","13":"downloadable","14":"virtual","15":"product-type-simple"},"acf":[],"_links":{"self":[{"href":"https:\/\/tekspan.com\/fr\/wp-json\/wp\/v2\/product\/702","targetHints":{"allow":["GET"]}}],"collection":[{"href":"https:\/\/tekspan.com\/fr\/wp-json\/wp\/v2\/product"}],"about":[{"href":"https:\/\/tekspan.com\/fr\/wp-json\/wp\/v2\/types\/product"}],"wp:featuredmedia":[{"embeddable":true,"href":"https:\/\/tekspan.com\/fr\/wp-json\/wp\/v2\/media\/1603"}],"wp:attachment":[{"href":"https:\/\/tekspan.com\/fr\/wp-json\/wp\/v2\/media?parent=702"}],"wp:term":[{"taxonomy":"product_brand","embeddable":true,"href":"https:\/\/tekspan.com\/fr\/wp-json\/wp\/v2\/product_brand?post=702"},{"taxonomy":"product_cat","embeddable":true,"href":"https:\/\/tekspan.com\/fr\/wp-json\/wp\/v2\/product_cat?post=702"},{"taxonomy":"product_tag","embeddable":true,"href":"https:\/\/tekspan.com\/fr\/wp-json\/wp\/v2\/product_tag?post=702"}],"curies":[{"name":"wp","href":"https:\/\/api.w.org\/{rel}","templated":true}]}}