{"id":818,"date":"2022-04-04T11:53:30","date_gmt":"2022-04-04T10:53:30","guid":{"rendered":"https:\/\/tekspan.co.uk\/?post_type=product&#038;p=818"},"modified":"2025-12-03T11:26:42","modified_gmt":"2025-12-03T11:26:42","slug":"boulon-de-verrouillage-tekspan-t","status":"publish","type":"product","link":"https:\/\/tekspan.com\/fr\/product\/boulon-de-verrouillage-tekspan-t\/","title":{"rendered":"Boulon en T TekSpan"},"content":{"rendered":"<p>The heart of the TekSpan system \u2013 the T-lock bolt. 10.9 grade high tensile t-bolt that locks securely in place, and joins frames and components together in an easy-to-adjust, permanent fixture. Locating collar maintains alignment, while teeth on t-head of bolt \u201cbite\u201d into frame, for an exceptionally secure fixing.<\/p>\n<p>Les boulons TekSpan T-Lock sont fabriqu\u00e9s \u00e0 partir de zinc-nickel, ce qui permet d'\u00e9viter les probl\u00e8mes tels que les moustaches de zinc (que l'on rencontre avec les fixations zingu\u00e9es). Le rev\u00eatement zinc-nickel a un pourcentage de poids de nickel 12-16% avec une \u00e9paisseur de rev\u00eatement locale de 12mu et une passivation incandescente.<\/p>","protected":false},"excerpt":{"rendered":"<p>Boulon en T de 10,9 g avec rondelle de blocage - se verrouille solidement \u00e0 travers les fentes du cadre avec le collier de positionnement et \"mord\" dans la fixation du support, offrant une r\u00e9sistance exceptionnelle de l'articulation.<\/p>","protected":false},"featured_media":1586,"template":"","meta":{"_acf_changed":false,"content-type":""},"product_brand":[],"product_cat":[35,21],"product_tag":[387],"class_list":{"0":"post-818","1":"product","2":"type-product","3":"status-publish","4":"has-post-thumbnail","6":"product_cat-fixings","7":"product_cat-tekspan-product-range","8":"product_tag-r951-510","10":"first","11":"instock","12":"featured","13":"shipping-taxable","14":"product-type-simple"},"acf":[],"_links":{"self":[{"href":"https:\/\/tekspan.com\/fr\/wp-json\/wp\/v2\/product\/818","targetHints":{"allow":["GET"]}}],"collection":[{"href":"https:\/\/tekspan.com\/fr\/wp-json\/wp\/v2\/product"}],"about":[{"href":"https:\/\/tekspan.com\/fr\/wp-json\/wp\/v2\/types\/product"}],"wp:featuredmedia":[{"embeddable":true,"href":"https:\/\/tekspan.com\/fr\/wp-json\/wp\/v2\/media\/1586"}],"wp:attachment":[{"href":"https:\/\/tekspan.com\/fr\/wp-json\/wp\/v2\/media?parent=818"}],"wp:term":[{"taxonomy":"product_brand","embeddable":true,"href":"https:\/\/tekspan.com\/fr\/wp-json\/wp\/v2\/product_brand?post=818"},{"taxonomy":"product_cat","embeddable":true,"href":"https:\/\/tekspan.com\/fr\/wp-json\/wp\/v2\/product_cat?post=818"},{"taxonomy":"product_tag","embeddable":true,"href":"https:\/\/tekspan.com\/fr\/wp-json\/wp\/v2\/product_tag?post=818"}],"curies":[{"name":"wp","href":"https:\/\/api.w.org\/{rel}","templated":true}]}}