{"id":824,"date":"2022-04-04T11:57:01","date_gmt":"2022-04-04T10:57:01","guid":{"rendered":"https:\/\/tekspan.co.uk\/?post_type=product&#038;p=824"},"modified":"2025-12-03T11:26:42","modified_gmt":"2025-12-03T11:26:42","slug":"embouts-tekspan-pour-profiles-de-80-mm","status":"publish","type":"product","link":"https:\/\/tekspan.com\/fr\/product\/embouts-tekspan-pour-profiles-de-80-mm\/","title":{"rendered":"TekSpan\u00ae Capuchons d'extr\u00e9mit\u00e9 pour profil\u00e9s de 80 mm"},"content":{"rendered":"<p>Embouts en PVC de qualit\u00e9, pour la finition des extr\u00e9mit\u00e9s de profil\u00e9s ouverts. Ils am\u00e9liorent la finition sur le plan esth\u00e9tique.<\/p>","protected":false},"excerpt":{"rendered":"<p>Capuchons d'extr\u00e9mit\u00e9 pour la finition\/le bouchage des terminaisons du cadre.<\/p>","protected":false},"featured_media":3215,"template":"","meta":{"_acf_changed":false,"content-type":""},"product_brand":[],"product_cat":[47,36,21],"product_tag":[386],"class_list":{"0":"post-824","1":"product","2":"type-product","3":"status-publish","4":"has-post-thumbnail","6":"product_cat-accessories","7":"product_cat-end-caps","8":"product_cat-tekspan-product-range","9":"product_tag-r952-040","11":"first","12":"instock","13":"shipping-taxable","14":"product-type-simple"},"acf":[],"_links":{"self":[{"href":"https:\/\/tekspan.com\/fr\/wp-json\/wp\/v2\/product\/824","targetHints":{"allow":["GET"]}}],"collection":[{"href":"https:\/\/tekspan.com\/fr\/wp-json\/wp\/v2\/product"}],"about":[{"href":"https:\/\/tekspan.com\/fr\/wp-json\/wp\/v2\/types\/product"}],"wp:featuredmedia":[{"embeddable":true,"href":"https:\/\/tekspan.com\/fr\/wp-json\/wp\/v2\/media\/3215"}],"wp:attachment":[{"href":"https:\/\/tekspan.com\/fr\/wp-json\/wp\/v2\/media?parent=824"}],"wp:term":[{"taxonomy":"product_brand","embeddable":true,"href":"https:\/\/tekspan.com\/fr\/wp-json\/wp\/v2\/product_brand?post=824"},{"taxonomy":"product_cat","embeddable":true,"href":"https:\/\/tekspan.com\/fr\/wp-json\/wp\/v2\/product_cat?post=824"},{"taxonomy":"product_tag","embeddable":true,"href":"https:\/\/tekspan.com\/fr\/wp-json\/wp\/v2\/product_tag?post=824"}],"curies":[{"name":"wp","href":"https:\/\/api.w.org\/{rel}","templated":true}]}}