{"id":848,"date":"2022-04-04T13:36:14","date_gmt":"2022-04-04T12:36:14","guid":{"rendered":"https:\/\/tekspan.co.uk\/?post_type=product&#038;p=848"},"modified":"2025-12-03T11:26:43","modified_gmt":"2025-12-03T11:26:43","slug":"tekspan-2-hole-angle-bracket","status":"publish","type":"product","link":"https:\/\/tekspan.com\/fr\/product\/tekspan-2-hole-angle-bracket\/","title":{"rendered":"TekSpan\u00ae Equerre \u00e0 2 trous"},"content":{"rendered":"<p>Equerre \u00e0 90 degr\u00e9s pour l'assemblage s\u00e9curis\u00e9 des profil\u00e9s TekSpan de 80 mm.<\/p>","protected":false},"excerpt":{"rendered":"<p>TekSpan\u00ae Equerre \u00e0 2 trous \u00e0 90\u00b0<br \/>\nEquerre \u00e0 90\u00b0 \u00e0 deux trous, pour le montage de cadres \u00e0 angle droit.<\/p>","protected":false},"featured_media":1626,"template":"","meta":{"_acf_changed":false,"content-type":""},"product_brand":[],"product_cat":[40,21],"product_tag":[378],"class_list":{"0":"post-848","1":"product","2":"type-product","3":"status-publish","4":"has-post-thumbnail","6":"product_cat-brackets","7":"product_cat-tekspan-product-range","8":"product_tag-r954-112","10":"first","11":"instock","12":"shipping-taxable","13":"product-type-simple"},"acf":[],"_links":{"self":[{"href":"https:\/\/tekspan.com\/fr\/wp-json\/wp\/v2\/product\/848","targetHints":{"allow":["GET"]}}],"collection":[{"href":"https:\/\/tekspan.com\/fr\/wp-json\/wp\/v2\/product"}],"about":[{"href":"https:\/\/tekspan.com\/fr\/wp-json\/wp\/v2\/types\/product"}],"wp:featuredmedia":[{"embeddable":true,"href":"https:\/\/tekspan.com\/fr\/wp-json\/wp\/v2\/media\/1626"}],"wp:attachment":[{"href":"https:\/\/tekspan.com\/fr\/wp-json\/wp\/v2\/media?parent=848"}],"wp:term":[{"taxonomy":"product_brand","embeddable":true,"href":"https:\/\/tekspan.com\/fr\/wp-json\/wp\/v2\/product_brand?post=848"},{"taxonomy":"product_cat","embeddable":true,"href":"https:\/\/tekspan.com\/fr\/wp-json\/wp\/v2\/product_cat?post=848"},{"taxonomy":"product_tag","embeddable":true,"href":"https:\/\/tekspan.com\/fr\/wp-json\/wp\/v2\/product_tag?post=848"}],"curies":[{"name":"wp","href":"https:\/\/api.w.org\/{rel}","templated":true}]}}