{"id":685,"date":"2022-02-04T09:03:24","date_gmt":"2022-02-04T09:03:24","guid":{"rendered":"https:\/\/tekspan.co.uk\/?page_id=685"},"modified":"2025-02-11T16:43:10","modified_gmt":"2025-02-11T16:43:10","slug":"politica-de-privacidade","status":"publish","type":"page","link":"https:\/\/tekspan.com\/pt\/politica-de-privacidade\/","title":{"rendered":"Pol\u00edtica de privacidade"},"content":{"rendered":"<div data-elementor-type=\"wp-page\" data-elementor-id=\"685\" class=\"elementor elementor-685\" data-elementor-post-type=\"page\">\n\t\t\t\t\t\t<section class=\"elementor-section elementor-top-section elementor-element elementor-element-dd47ad4 elementor-section-boxed elementor-section-height-default elementor-section-height-default\" data-id=\"dd47ad4\" data-element_type=\"section\">\n\t\t\t\t\t\t<div class=\"elementor-container elementor-column-gap-default\">\n\t\t\t\t\t<div class=\"elementor-column elementor-col-100 elementor-top-column elementor-element elementor-element-0fc7be1\" data-id=\"0fc7be1\" data-element_type=\"column\">\n\t\t\t<div class=\"elementor-widget-wrap elementor-element-populated\">\n\t\t\t\t\t\t<div class=\"elementor-element elementor-element-d4038d1 elementor-widget elementor-widget-text-editor\" data-id=\"d4038d1\" data-element_type=\"widget\" data-widget_type=\"text-editor.default\">\n\t\t\t\t<div class=\"elementor-widget-container\">\n\t\t\t\t\t\t\t\t\t<p>Esta pol\u00edtica de privacidade estabelece a forma como a TekSpan utiliza e protege todas as informa\u00e7\u00f5es que o utilizador fornece \u00e0 TekSpan quando utiliza este s\u00edtio Web.<\/p><p>A TekSpan est\u00e1 empenhada em garantir a prote\u00e7\u00e3o da sua privacidade. Se lhe pedirmos que forne\u00e7a determinadas informa\u00e7\u00f5es atrav\u00e9s das quais possa ser identificado ao utilizar este s\u00edtio Web, pode ter a certeza de que essas informa\u00e7\u00f5es s\u00f3 ser\u00e3o utilizadas em conformidade com a presente declara\u00e7\u00e3o de privacidade.<\/p><p>A TekSpan pode alterar esta pol\u00edtica de tempos a tempos, actualizando esta p\u00e1gina. Deve verificar esta p\u00e1gina periodicamente para garantir que est\u00e1 satisfeito com quaisquer altera\u00e7\u00f5es. Esta pol\u00edtica \u00e9 efectiva a partir de 01.06.2021.<\/p><h4>\u00a0<\/h4><h4>O que recolhemos<\/h4><p>Podemos recolher as seguintes informa\u00e7\u00f5es:<\/p><ul><li>nome e cargo<\/li><li>informa\u00e7\u00f5es de contacto, incluindo o endere\u00e7o eletr\u00f3nico<\/li><li>informa\u00e7\u00f5es demogr\u00e1ficas, como o c\u00f3digo postal, prefer\u00eancias e interesses<\/li><li>outras informa\u00e7\u00f5es relevantes para inqu\u00e9ritos aos clientes e\/ou ofertas<\/li><\/ul><h4>O que fazemos com as informa\u00e7\u00f5es que recolhemos<\/h4><p>Necessitamos destas informa\u00e7\u00f5es para compreender as suas necessidades e prestar-lhe um melhor servi\u00e7o e, em particular, pelas seguintes raz\u00f5es<\/p><ul><li>Manuten\u00e7\u00e3o de registos internos.<\/li><li>Podemos utilizar as informa\u00e7\u00f5es para melhorar os nossos produtos e servi\u00e7os.<\/li><li>Podemos enviar periodicamente mensagens electr\u00f3nicas promocionais sobre novos produtos, ofertas especiais ou outras informa\u00e7\u00f5es que consideramos interessantes para o utilizador, utilizando o endere\u00e7o de correio eletr\u00f3nico que nos forneceu.<\/li><li>Ocasionalmente, poderemos tamb\u00e9m utilizar as suas informa\u00e7\u00f5es para o contactar para efeitos de estudos de mercado. Poderemos contact\u00e1-lo por e-mail, telefone, fax ou correio. Poderemos utilizar as informa\u00e7\u00f5es para personalizar o s\u00edtio Web de acordo com os interesses do utilizador.<\/li><\/ul><h4>Seguran\u00e7a<\/h4><p>Comprometemo-nos a garantir a seguran\u00e7a das suas informa\u00e7\u00f5es. Para evitar o acesso ou divulga\u00e7\u00e3o n\u00e3o autorizados, implement\u00e1mos procedimentos f\u00edsicos, electr\u00f3nicos e de gest\u00e3o adequados para salvaguardar e proteger as informa\u00e7\u00f5es que recolhemos online.<\/p><h4>Como utilizamos os cookies<\/h4><p>Um cookie \u00e9 um pequeno ficheiro que pede autoriza\u00e7\u00e3o para ser colocado no disco r\u00edgido do seu computador. Quando o utilizador concorda, o ficheiro \u00e9 adicionado e o cookie ajuda a analisar o tr\u00e1fego da Web ou permite-lhe saber quando visita um determinado s\u00edtio. Os cookies permitem que as aplica\u00e7\u00f5es Web respondam ao utilizador como um indiv\u00edduo. A aplica\u00e7\u00e3o Web pode adaptar as suas opera\u00e7\u00f5es \u00e0s suas necessidades, gostos e avers\u00f5es, recolhendo e recordando informa\u00e7\u00f5es sobre as suas prefer\u00eancias.<\/p><p>Utilizamos cookies de registo de tr\u00e1fego para identificar as p\u00e1ginas que est\u00e3o a ser utilizadas. Isto ajuda-nos a analisar os dados sobre o tr\u00e1fego das p\u00e1ginas Web e a melhorar o nosso s\u00edtio Web, de modo a adapt\u00e1-lo \u00e0s necessidades dos clientes. Apenas utilizamos estas informa\u00e7\u00f5es para fins de an\u00e1lise estat\u00edstica e, em seguida, os dados s\u00e3o removidos do sistema.<\/p><p>De um modo geral, os cookies ajudam-nos a fornecer-lhe um s\u00edtio Web melhor, permitindo-nos monitorizar as p\u00e1ginas que considera \u00fateis e as que n\u00e3o considera. Um cookie n\u00e3o nos d\u00e1 de forma alguma acesso ao seu computador ou a qualquer informa\u00e7\u00e3o sobre si, para al\u00e9m dos dados que decidir partilhar connosco.<\/p><p>O utilizador pode optar por aceitar ou recusar os cookies. A maioria dos navegadores Web aceita automaticamente os cookies, mas normalmente pode modificar a defini\u00e7\u00e3o do seu navegador para recusar os cookies, se preferir. Isto pode impedi-lo de tirar o m\u00e1ximo partido do s\u00edtio Web.<\/p><h4>Liga\u00e7\u00f5es para outros s\u00edtios Web<\/h4><p>O nosso s\u00edtio Web pode conter liga\u00e7\u00f5es para outros s\u00edtios Web de interesse. No entanto, depois de utilizar essas liga\u00e7\u00f5es para sair do nosso s\u00edtio, o utilizador deve ter em conta que n\u00e3o temos qualquer controlo sobre esse outro s\u00edtio. Por conseguinte, n\u00e3o podemos ser respons\u00e1veis pela prote\u00e7\u00e3o e privacidade de quaisquer informa\u00e7\u00f5es que o utilizador forne\u00e7a ao visitar esses s\u00edtios e esses s\u00edtios n\u00e3o s\u00e3o regidos pela presente declara\u00e7\u00e3o de privacidade. O utilizador deve ter cuidado e consultar a declara\u00e7\u00e3o de privacidade aplic\u00e1vel ao s\u00edtio Web em quest\u00e3o.<\/p><h4>Controlo das suas informa\u00e7\u00f5es pessoais<\/h4><p>O utilizador pode optar por restringir a recolha ou utiliza\u00e7\u00e3o das suas informa\u00e7\u00f5es pessoais das seguintes formas:<\/p><ul><li>sempre que lhe for pedido para preencher um formul\u00e1rio no s\u00edtio Web, procure a caixa em que pode clicar para indicar que n\u00e3o quer que as informa\u00e7\u00f5es sejam utilizadas por ningu\u00e9m para fins de marketing direto<\/li><li>se tiver concordado anteriormente com a utiliza\u00e7\u00e3o das suas informa\u00e7\u00f5es pessoais para fins de marketing direto, pode mudar de ideias em qualquer altura, escrevendo-nos ou enviando-nos uma mensagem de correio eletr\u00f3nico para enquiries@tekspan.com<\/li><\/ul><p>N\u00e3o venderemos, distribuiremos ou alugaremos as suas informa\u00e7\u00f5es pessoais a terceiros, exceto se tivermos a sua autoriza\u00e7\u00e3o ou se formos obrigados por lei a faz\u00ea-lo. Poderemos utilizar as suas informa\u00e7\u00f5es pessoais para lhe enviar informa\u00e7\u00f5es promocionais sobre terceiros que consideramos interessantes para si, se nos disser que o deseja fazer.<\/p><p>Pode solicitar informa\u00e7\u00f5es pormenorizadas sobre os dados pessoais que temos sobre si ao abrigo da Lei de Prote\u00e7\u00e3o de Dados de 1998. Ter\u00e1 de pagar uma pequena taxa. Se pretender uma c\u00f3pia das informa\u00e7\u00f5es detidas sobre si, escreva para Pioneer House, Hillsons Rd, Botley, Southampton, SO30 2DY.<\/p><p>Se considerar que alguma informa\u00e7\u00e3o que temos sobre si est\u00e1 incorrecta ou incompleta, escreva-nos ou envie-nos um e-mail o mais rapidamente poss\u00edvel para o endere\u00e7o acima indicado. Corrigiremos prontamente qualquer informa\u00e7\u00e3o considerada incorrecta.<\/p>\t\t\t\t\t\t\t\t<\/div>\n\t\t\t\t<\/div>\n\t\t\t\t\t<\/div>\n\t\t<\/div>\n\t\t\t\t\t<\/div>\n\t\t<\/section>\n\t\t\t\t<\/div>","protected":false},"excerpt":{"rendered":"<p>This privacy policy sets out how TekSpan uses and protects any information that you give TekSpan when you use this website. TekSpan is committed to ensuring that your privacy is protected. Should we ask you to provide certain information by which you can be identified when using this website, then you can be assured that [&hellip;]<\/p>","protected":false},"author":1,"featured_media":0,"parent":0,"menu_order":0,"comment_status":"closed","ping_status":"closed","template":"","meta":{"_acf_changed":false,"content-type":"","footnotes":""},"class_list":["post-685","page","type-page","status-publish","hentry"],"acf":[],"_links":{"self":[{"href":"https:\/\/tekspan.com\/pt\/wp-json\/wp\/v2\/pages\/685","targetHints":{"allow":["GET"]}}],"collection":[{"href":"https:\/\/tekspan.com\/pt\/wp-json\/wp\/v2\/pages"}],"about":[{"href":"https:\/\/tekspan.com\/pt\/wp-json\/wp\/v2\/types\/page"}],"author":[{"embeddable":true,"href":"https:\/\/tekspan.com\/pt\/wp-json\/wp\/v2\/users\/1"}],"replies":[{"embeddable":true,"href":"https:\/\/tekspan.com\/pt\/wp-json\/wp\/v2\/comments?post=685"}],"version-history":[{"count":6,"href":"https:\/\/tekspan.com\/pt\/wp-json\/wp\/v2\/pages\/685\/revisions"}],"predecessor-version":[{"id":4388,"href":"https:\/\/tekspan.com\/pt\/wp-json\/wp\/v2\/pages\/685\/revisions\/4388"}],"wp:attachment":[{"href":"https:\/\/tekspan.com\/pt\/wp-json\/wp\/v2\/media?parent=685"}],"curies":[{"name":"wp","href":"https:\/\/api.w.org\/{rel}","templated":true}]}}