{"id":1322,"date":"2022-10-07T10:41:17","date_gmt":"2022-10-07T09:41:17","guid":{"rendered":"https:\/\/tekspan.co.uk\/?post_type=product&#038;p=1322"},"modified":"2025-12-03T11:26:42","modified_gmt":"2025-12-03T11:26:42","slug":"parafuso-de-bloqueio-tekspan-t-com-disco-de-aco","status":"publish","type":"product","link":"https:\/\/tekspan.com\/pt\/product\/parafuso-de-bloqueio-tekspan-t-com-disco-de-aco\/","title":{"rendered":"Parafuso T-Lock TekSpan\u00ae com disco de a\u00e7o"},"content":{"rendered":"<p>Para aplica\u00e7\u00f5es como a liga\u00e7\u00e3o do canal Unistrut padr\u00e3o \u00e0 TekSpan, recomenda-se o parafuso T-Lock com anilha de disco de a\u00e7o. Este parafuso utiliza o mesmo parafuso T-Lock, mas com uma anilha de a\u00e7o de alta resist\u00eancia para evitar o impacto nos componentes mais leves que est\u00e3o a ser ligados.<\/p>\n<p>Os parafusos TekSpan T-Lock s\u00e3o fabricados com zinco-n\u00edquel, o que significa que problemas como os bigodes de zinco (encontrados em fixadores zincados) s\u00e3o evitados. O revestimento de zinco-n\u00edquel tem uma percentagem de peso de n\u00edquel 12-16% com uma espessura de revestimento local de 12mu e passiva\u00e7\u00e3o incandescente.<\/p>","protected":false},"excerpt":{"rendered":"<p>Parafuso T-Lock TekSpan\u00ae com disco de a\u00e7o<\/p>\n<p>Para aplica\u00e7\u00f5es como a liga\u00e7\u00e3o do canal Unistrut padr\u00e3o \u00e0 TekSpan, recomenda-se o parafuso T-Lock com anilha de disco de a\u00e7o.<\/p>","protected":false},"featured_media":1606,"template":"","meta":{"_acf_changed":false,"content-type":""},"product_brand":[],"product_cat":[35,21],"product_tag":[367],"class_list":{"0":"post-1322","1":"product","2":"type-product","3":"status-publish","4":"has-post-thumbnail","6":"product_cat-fixings","7":"product_cat-tekspan-product-range","8":"product_tag-r951-520","10":"first","11":"instock","12":"featured","13":"shipping-taxable","14":"product-type-simple"},"acf":[],"_links":{"self":[{"href":"https:\/\/tekspan.com\/pt\/wp-json\/wp\/v2\/product\/1322","targetHints":{"allow":["GET"]}}],"collection":[{"href":"https:\/\/tekspan.com\/pt\/wp-json\/wp\/v2\/product"}],"about":[{"href":"https:\/\/tekspan.com\/pt\/wp-json\/wp\/v2\/types\/product"}],"wp:featuredmedia":[{"embeddable":true,"href":"https:\/\/tekspan.com\/pt\/wp-json\/wp\/v2\/media\/1606"}],"wp:attachment":[{"href":"https:\/\/tekspan.com\/pt\/wp-json\/wp\/v2\/media?parent=1322"}],"wp:term":[{"taxonomy":"product_brand","embeddable":true,"href":"https:\/\/tekspan.com\/pt\/wp-json\/wp\/v2\/product_brand?post=1322"},{"taxonomy":"product_cat","embeddable":true,"href":"https:\/\/tekspan.com\/pt\/wp-json\/wp\/v2\/product_cat?post=1322"},{"taxonomy":"product_tag","embeddable":true,"href":"https:\/\/tekspan.com\/pt\/wp-json\/wp\/v2\/product_tag?post=1322"}],"curies":[{"name":"wp","href":"https:\/\/api.w.org\/{rel}","templated":true}]}}