{"id":1831,"date":"2024-04-09T11:14:03","date_gmt":"2024-04-09T10:14:03","guid":{"rendered":"https:\/\/tekspan.co.uk\/?post_type=product&#038;p=1831"},"modified":"2025-12-03T11:26:42","modified_gmt":"2025-12-03T11:26:42","slug":"perfil-tekspan-100x100mm-6-metros","status":"publish","type":"product","link":"https:\/\/tekspan.com\/pt\/product\/perfil-tekspan-100x100mm-6-metros\/","title":{"rendered":"TekSpan\u00ae 100x100mm Perfil 6 Metros"},"content":{"rendered":"<p>Molduras de sec\u00e7\u00e3o em caixa de a\u00e7o galvanizado para trabalhos pesados, com a ranhura exclusiva TekSpan para unir componentes e suportes. Fabricados com precis\u00e3o em a\u00e7o de 3,0 mm de espessura e galvanizados por imers\u00e3o a quente com uma espessura m\u00e9dia de zinco de 55 \u00b5m, os perfis TekSpan s\u00e3o fornecidos em comprimentos de 6 m e podem ser unidos de ponta a ponta com conjuntos de conectores R954-150. Em conformidade com a norma BS EN 1461.<\/p>","protected":false},"excerpt":{"rendered":"<p>Perfil TekSpan\u00ae pr\u00e9-ranhurado de 100 mm Comprimento.<\/p>\n<p>Tamanhos de corte \u00e0 medida dispon\u00edveis mediante pedido.<\/p>","protected":false},"featured_media":1603,"template":"","meta":{"_acf_changed":false,"content-type":""},"product_brand":[],"product_cat":[34,21],"product_tag":[361],"class_list":{"0":"post-1831","1":"product","2":"type-product","3":"status-publish","4":"has-post-thumbnail","6":"product_cat-profiles","7":"product_cat-tekspan-product-range","8":"product_tag-r950-807","10":"first","11":"instock","12":"featured","13":"downloadable","14":"virtual","15":"product-type-simple"},"acf":[],"_links":{"self":[{"href":"https:\/\/tekspan.com\/pt\/wp-json\/wp\/v2\/product\/1831","targetHints":{"allow":["GET"]}}],"collection":[{"href":"https:\/\/tekspan.com\/pt\/wp-json\/wp\/v2\/product"}],"about":[{"href":"https:\/\/tekspan.com\/pt\/wp-json\/wp\/v2\/types\/product"}],"wp:featuredmedia":[{"embeddable":true,"href":"https:\/\/tekspan.com\/pt\/wp-json\/wp\/v2\/media\/1603"}],"wp:attachment":[{"href":"https:\/\/tekspan.com\/pt\/wp-json\/wp\/v2\/media?parent=1831"}],"wp:term":[{"taxonomy":"product_brand","embeddable":true,"href":"https:\/\/tekspan.com\/pt\/wp-json\/wp\/v2\/product_brand?post=1831"},{"taxonomy":"product_cat","embeddable":true,"href":"https:\/\/tekspan.com\/pt\/wp-json\/wp\/v2\/product_cat?post=1831"},{"taxonomy":"product_tag","embeddable":true,"href":"https:\/\/tekspan.com\/pt\/wp-json\/wp\/v2\/product_tag?post=1831"}],"curies":[{"name":"wp","href":"https:\/\/api.w.org\/{rel}","templated":true}]}}