{"id":3213,"date":"2024-06-20T17:12:18","date_gmt":"2024-06-20T16:12:18","guid":{"rendered":"https:\/\/tekspan.co.uk\/?post_type=product&#038;p=3213"},"modified":"2025-12-03T11:26:42","modified_gmt":"2025-12-03T11:26:42","slug":"tekspan-t-lock-bolt-plus","status":"publish","type":"product","link":"https:\/\/tekspan.com\/pt\/product\/tekspan-t-lock-bolt-plus\/","title":{"rendered":"TekSpan\u00ae T-Lock Bolt Plus"},"content":{"rendered":"<p>O cora\u00e7\u00e3o do sistema TekSpan - o parafuso T-Lock. O novo e melhorado T-Lock Bolt Plus com anilha de bloqueio ranhurada torna a instala\u00e7\u00e3o ainda mais f\u00e1cil.<\/p>\n<p>Parafuso em T de alta resist\u00eancia de grau 10.9 que bloqueia firmemente no lugar e une estruturas e componentes numa fixa\u00e7\u00e3o permanente e f\u00e1cil de ajustar. O colar de localiza\u00e7\u00e3o mant\u00e9m o alinhamento, enquanto os dentes na cabe\u00e7a em T do parafuso \"mordem\" a estrutura, para uma fixa\u00e7\u00e3o excecionalmente segura.<\/p>\n<p>Os parafusos TekSpan T-Lock s\u00e3o fabricados com zinco-n\u00edquel, o que significa que problemas como os bigodes de zinco (encontrados em fixadores zincados) s\u00e3o evitados. O revestimento de zinco-n\u00edquel tem uma percentagem de peso de n\u00edquel 12-16% com uma espessura de revestimento local de 12mu e passiva\u00e7\u00e3o incandescente.<\/p>","protected":false},"excerpt":{"rendered":"<p>Parafuso em T de 10,9 g com anilha de bloqueio - bloqueia firmemente atrav\u00e9s das ranhuras da estrutura com colar de localiza\u00e7\u00e3o e \"morde\" na fixa\u00e7\u00e3o do suporte, proporcionando uma resist\u00eancia excecional da junta.<\/p>","protected":false},"featured_media":3218,"template":"","meta":{"_acf_changed":false,"content-type":""},"product_brand":[],"product_cat":[35,21],"product_tag":[359],"class_list":{"0":"post-3213","1":"product","2":"type-product","3":"status-publish","4":"has-post-thumbnail","6":"product_cat-fixings","7":"product_cat-tekspan-product-range","8":"product_tag-r951-515","10":"first","11":"instock","12":"featured","13":"shipping-taxable","14":"product-type-simple"},"acf":[],"_links":{"self":[{"href":"https:\/\/tekspan.com\/pt\/wp-json\/wp\/v2\/product\/3213","targetHints":{"allow":["GET"]}}],"collection":[{"href":"https:\/\/tekspan.com\/pt\/wp-json\/wp\/v2\/product"}],"about":[{"href":"https:\/\/tekspan.com\/pt\/wp-json\/wp\/v2\/types\/product"}],"wp:featuredmedia":[{"embeddable":true,"href":"https:\/\/tekspan.com\/pt\/wp-json\/wp\/v2\/media\/3218"}],"wp:attachment":[{"href":"https:\/\/tekspan.com\/pt\/wp-json\/wp\/v2\/media?parent=3213"}],"wp:term":[{"taxonomy":"product_brand","embeddable":true,"href":"https:\/\/tekspan.com\/pt\/wp-json\/wp\/v2\/product_brand?post=3213"},{"taxonomy":"product_cat","embeddable":true,"href":"https:\/\/tekspan.com\/pt\/wp-json\/wp\/v2\/product_cat?post=3213"},{"taxonomy":"product_tag","embeddable":true,"href":"https:\/\/tekspan.com\/pt\/wp-json\/wp\/v2\/product_tag?post=3213"}],"curies":[{"name":"wp","href":"https:\/\/api.w.org\/{rel}","templated":true}]}}