{"id":3725,"date":"2024-09-19T14:08:21","date_gmt":"2024-09-19T13:08:21","guid":{"rendered":"https:\/\/tekspan.co.uk\/?post_type=product&#038;p=3725"},"modified":"2025-12-03T11:26:43","modified_gmt":"2025-12-03T11:26:43","slug":"cantoneira-de-3-furos-tekspan-para-perfil-de-100-mm","status":"publish","type":"product","link":"https:\/\/tekspan.com\/pt\/product\/cantoneira-de-3-furos-tekspan-para-perfil-de-100-mm\/","title":{"rendered":"TekSpan\u00ae Suporte angular de 3 furos para perfil de 100 mm"},"content":{"rendered":"<p>Suporte angular de 90 graus para a uni\u00e3o segura de perfis TekSpan de 100 mm. Com furo de fixa\u00e7\u00e3o adicional para maior rigidez.<\/p>","protected":false},"excerpt":{"rendered":"<p class=\"_04xlpA direction-ltr align-start para-style-body\"><span class=\"JsGRdQ\">Suporte angular de tr\u00eas furos 90\u00b0, para montagem de quadros em \u00e2ngulo reto com suporte de carga extra.<\/span><\/p>","protected":false},"featured_media":1627,"template":"","meta":{"_acf_changed":false,"content-type":""},"product_brand":[],"product_cat":[40,21],"product_tag":[355],"class_list":{"0":"post-3725","1":"product","2":"type-product","3":"status-publish","4":"has-post-thumbnail","6":"product_cat-brackets","7":"product_cat-tekspan-product-range","8":"product_tag-r954-115","10":"first","11":"instock","12":"shipping-taxable","13":"product-type-simple"},"acf":[],"_links":{"self":[{"href":"https:\/\/tekspan.com\/pt\/wp-json\/wp\/v2\/product\/3725","targetHints":{"allow":["GET"]}}],"collection":[{"href":"https:\/\/tekspan.com\/pt\/wp-json\/wp\/v2\/product"}],"about":[{"href":"https:\/\/tekspan.com\/pt\/wp-json\/wp\/v2\/types\/product"}],"wp:featuredmedia":[{"embeddable":true,"href":"https:\/\/tekspan.com\/pt\/wp-json\/wp\/v2\/media\/1627"}],"wp:attachment":[{"href":"https:\/\/tekspan.com\/pt\/wp-json\/wp\/v2\/media?parent=3725"}],"wp:term":[{"taxonomy":"product_brand","embeddable":true,"href":"https:\/\/tekspan.com\/pt\/wp-json\/wp\/v2\/product_brand?post=3725"},{"taxonomy":"product_cat","embeddable":true,"href":"https:\/\/tekspan.com\/pt\/wp-json\/wp\/v2\/product_cat?post=3725"},{"taxonomy":"product_tag","embeddable":true,"href":"https:\/\/tekspan.com\/pt\/wp-json\/wp\/v2\/product_tag?post=3725"}],"curies":[{"name":"wp","href":"https:\/\/api.w.org\/{rel}","templated":true}]}}