{"id":3731,"date":"2024-09-19T14:11:51","date_gmt":"2024-09-19T13:11:51","guid":{"rendered":"https:\/\/tekspan.co.uk\/?post_type=product&#038;p=3731"},"modified":"2025-12-03T11:26:42","modified_gmt":"2025-12-03T11:26:42","slug":"pe-quadrado-de-borracha-tekspan-para-perfil-de-100-mm","status":"publish","type":"product","link":"https:\/\/tekspan.com\/pt\/product\/pe-quadrado-de-borracha-tekspan-para-perfil-de-100-mm\/","title":{"rendered":"P\u00e9 quadrado de borracha TekSpan\u00ae para perfil de 100 mm"},"content":{"rendered":"<p>P\u00e9 quadrado de borracha para perfis TekSpan de 100 mm, para utiliza\u00e7\u00e3o em estruturas de suporte em membranas de telhados e outras superf\u00edcies sens\u00edveis. A ampla \u00e1rea de suporte de carga reduz o risco de penetra\u00e7\u00e3o da carga pontual na membrana do telhado. A inser\u00e7\u00e3o de chapa de a\u00e7o impede o corte do perfil na borracha. Absor\u00e7\u00e3o do ru\u00eddo e das vibra\u00e7\u00f5es e redu\u00e7\u00e3o do risco de deslizamento entre a membrana da cobertura e o p\u00e9. Furos pr\u00e9-perfurados para fixa\u00e7\u00e3o opcional.<\/p>","protected":false},"excerpt":{"rendered":"<p>P\u00e9 quadrado de borracha para perfis TekSpan de 100 mm.<\/p>","protected":false},"featured_media":3155,"template":"","meta":{"_acf_changed":false,"content-type":""},"product_brand":[],"product_cat":[39,21],"product_tag":[349],"class_list":{"0":"post-3731","1":"product","2":"type-product","3":"status-publish","4":"has-post-thumbnail","6":"product_cat-baseplates","7":"product_cat-tekspan-product-range","8":"product_tag-r605-389","10":"first","11":"instock","12":"shipping-taxable","13":"product-type-simple"},"acf":[],"_links":{"self":[{"href":"https:\/\/tekspan.com\/pt\/wp-json\/wp\/v2\/product\/3731","targetHints":{"allow":["GET"]}}],"collection":[{"href":"https:\/\/tekspan.com\/pt\/wp-json\/wp\/v2\/product"}],"about":[{"href":"https:\/\/tekspan.com\/pt\/wp-json\/wp\/v2\/types\/product"}],"wp:featuredmedia":[{"embeddable":true,"href":"https:\/\/tekspan.com\/pt\/wp-json\/wp\/v2\/media\/3155"}],"wp:attachment":[{"href":"https:\/\/tekspan.com\/pt\/wp-json\/wp\/v2\/media?parent=3731"}],"wp:term":[{"taxonomy":"product_brand","embeddable":true,"href":"https:\/\/tekspan.com\/pt\/wp-json\/wp\/v2\/product_brand?post=3731"},{"taxonomy":"product_cat","embeddable":true,"href":"https:\/\/tekspan.com\/pt\/wp-json\/wp\/v2\/product_cat?post=3731"},{"taxonomy":"product_tag","embeddable":true,"href":"https:\/\/tekspan.com\/pt\/wp-json\/wp\/v2\/product_tag?post=3731"}],"curies":[{"name":"wp","href":"https:\/\/api.w.org\/{rel}","templated":true}]}}