{"id":3737,"date":"2024-09-19T14:12:11","date_gmt":"2024-09-19T13:12:11","guid":{"rendered":"https:\/\/tekspan.co.uk\/?post_type=product&#038;p=3737"},"modified":"2025-12-03T11:26:43","modified_gmt":"2025-12-03T11:26:43","slug":"bracadeira-de-ligacao-de-viga-tekspan-para-perfil-de-100-mm","status":"publish","type":"product","link":"https:\/\/tekspan.com\/pt\/product\/bracadeira-de-ligacao-de-viga-tekspan-para-perfil-de-100-mm\/","title":{"rendered":"Bra\u00e7adeira de conex\u00e3o de viga TekSpan\u00ae para perfil de 100 mm"},"content":{"rendered":"<p>Grampo de liga\u00e7\u00e3o de vigas, para fixa\u00e7\u00e3o segura do perfil TekSpan 80 \/ 100mm a vigas de a\u00e7o e vigas em I. Fixa\u00e7\u00e3o sem perfura\u00e7\u00e3o.<\/p>","protected":false},"excerpt":{"rendered":"<p>Bra\u00e7adeira de conetor de viga TekSpan<br \/>\nGrampo de liga\u00e7\u00e3o de vigas, para fixar quadros a vigas em I e vigas.<\/p>","protected":false},"featured_media":1611,"template":"","meta":{"_acf_changed":false,"content-type":""},"product_brand":[],"product_cat":[38,21],"product_tag":[343],"class_list":{"0":"post-3737","1":"product","2":"type-product","3":"status-publish","4":"has-post-thumbnail","6":"product_cat-beam-clamps","7":"product_cat-tekspan-product-range","8":"product_tag-r952-075","10":"first","11":"instock","12":"shipping-taxable","13":"product-type-simple"},"acf":[],"_links":{"self":[{"href":"https:\/\/tekspan.com\/pt\/wp-json\/wp\/v2\/product\/3737","targetHints":{"allow":["GET"]}}],"collection":[{"href":"https:\/\/tekspan.com\/pt\/wp-json\/wp\/v2\/product"}],"about":[{"href":"https:\/\/tekspan.com\/pt\/wp-json\/wp\/v2\/types\/product"}],"wp:featuredmedia":[{"embeddable":true,"href":"https:\/\/tekspan.com\/pt\/wp-json\/wp\/v2\/media\/1611"}],"wp:attachment":[{"href":"https:\/\/tekspan.com\/pt\/wp-json\/wp\/v2\/media?parent=3737"}],"wp:term":[{"taxonomy":"product_brand","embeddable":true,"href":"https:\/\/tekspan.com\/pt\/wp-json\/wp\/v2\/product_brand?post=3737"},{"taxonomy":"product_cat","embeddable":true,"href":"https:\/\/tekspan.com\/pt\/wp-json\/wp\/v2\/product_cat?post=3737"},{"taxonomy":"product_tag","embeddable":true,"href":"https:\/\/tekspan.com\/pt\/wp-json\/wp\/v2\/product_tag?post=3737"}],"curies":[{"name":"wp","href":"https:\/\/api.w.org\/{rel}","templated":true}]}}