{"id":3741,"date":"2024-09-19T14:14:17","date_gmt":"2024-09-19T13:14:17","guid":{"rendered":"https:\/\/tekspan.co.uk\/?post_type=product&#038;p=3741"},"modified":"2025-12-03T11:26:43","modified_gmt":"2025-12-03T11:26:43","slug":"placa-de-suporte-horizontal-tekspan-para-perfil-de-100-mm","status":"publish","type":"product","link":"https:\/\/tekspan.com\/pt\/product\/placa-de-suporte-horizontal-tekspan-para-perfil-de-100-mm\/","title":{"rendered":"Placa de suporte horizontal TekSpan\u00ae para perfil de 100 mm"},"content":{"rendered":"<p>Placa de suporte para ligar perfis TekSpan em \u00e2ngulo. Permite a liga\u00e7\u00e3o de perfis para refor\u00e7o e rigidez extra.<\/p>","protected":false},"excerpt":{"rendered":"<p>Placa de suporte TekSpan\u00ae de 100 mm<br \/>\nPlaca de suporte para quadros de montagem, com a possibilidade de suportar liga\u00e7\u00f5es em \u00e2ngulo.<\/p>","protected":false},"featured_media":4926,"template":"","meta":{"_acf_changed":false,"content-type":""},"product_brand":[],"product_cat":[39,21],"product_tag":[340],"class_list":{"0":"post-3741","1":"product","2":"type-product","3":"status-publish","4":"has-post-thumbnail","6":"product_cat-baseplates","7":"product_cat-tekspan-product-range","8":"product_tag-r953-116","10":"first","11":"instock","12":"featured","13":"shipping-taxable","14":"product-type-simple"},"acf":[],"_links":{"self":[{"href":"https:\/\/tekspan.com\/pt\/wp-json\/wp\/v2\/product\/3741","targetHints":{"allow":["GET"]}}],"collection":[{"href":"https:\/\/tekspan.com\/pt\/wp-json\/wp\/v2\/product"}],"about":[{"href":"https:\/\/tekspan.com\/pt\/wp-json\/wp\/v2\/types\/product"}],"wp:featuredmedia":[{"embeddable":true,"href":"https:\/\/tekspan.com\/pt\/wp-json\/wp\/v2\/media\/4926"}],"wp:attachment":[{"href":"https:\/\/tekspan.com\/pt\/wp-json\/wp\/v2\/media?parent=3741"}],"wp:term":[{"taxonomy":"product_brand","embeddable":true,"href":"https:\/\/tekspan.com\/pt\/wp-json\/wp\/v2\/product_brand?post=3741"},{"taxonomy":"product_cat","embeddable":true,"href":"https:\/\/tekspan.com\/pt\/wp-json\/wp\/v2\/product_cat?post=3741"},{"taxonomy":"product_tag","embeddable":true,"href":"https:\/\/tekspan.com\/pt\/wp-json\/wp\/v2\/product_tag?post=3741"}],"curies":[{"name":"wp","href":"https:\/\/api.w.org\/{rel}","templated":true}]}}