{"id":3742,"date":"2024-09-19T14:14:53","date_gmt":"2024-09-19T13:14:53","guid":{"rendered":"https:\/\/tekspan.co.uk\/?post_type=product&#038;p=3742"},"modified":"2025-12-03T11:26:43","modified_gmt":"2025-12-03T11:26:43","slug":"pe-de-placa-de-base-integral-tekspan-e-perfil-de-80-mm","status":"publish","type":"product","link":"https:\/\/tekspan.com\/pt\/product\/pe-de-placa-de-base-integral-tekspan-e-perfil-de-80-mm\/","title":{"rendered":"TekSpan\u00ae 1440mm P\u00e9 de placa de base integral e perfil de 80mm"},"content":{"rendered":"<p>Placa de base integral e sec\u00e7\u00e3o de perfil, com junta soldada. Permite a fixa\u00e7\u00e3o de perfis e suportes na parede ou no ch\u00e3o.<\/p>","protected":false},"excerpt":{"rendered":"<p>Placa de base integral TekSpan\u00ae P\u00e9 e estrutura<br \/>\nP\u00e9 da placa de base integral e sec\u00e7\u00e3o da estrutura, para instala\u00e7\u00f5es a baixa altura e montagem na parede.<\/p>","protected":false},"featured_media":1613,"template":"","meta":{"_acf_changed":false,"content-type":""},"product_brand":[],"product_cat":[48,34,21],"product_tag":[339],"class_list":{"0":"post-3742","1":"product","2":"type-product","3":"status-publish","4":"has-post-thumbnail","6":"product_cat-integral-baseplates","7":"product_cat-profiles","8":"product_cat-tekspan-product-range","9":"product_tag-r954-106","11":"first","12":"instock","13":"shipping-taxable","14":"product-type-simple"},"acf":[],"_links":{"self":[{"href":"https:\/\/tekspan.com\/pt\/wp-json\/wp\/v2\/product\/3742","targetHints":{"allow":["GET"]}}],"collection":[{"href":"https:\/\/tekspan.com\/pt\/wp-json\/wp\/v2\/product"}],"about":[{"href":"https:\/\/tekspan.com\/pt\/wp-json\/wp\/v2\/types\/product"}],"wp:featuredmedia":[{"embeddable":true,"href":"https:\/\/tekspan.com\/pt\/wp-json\/wp\/v2\/media\/1613"}],"wp:attachment":[{"href":"https:\/\/tekspan.com\/pt\/wp-json\/wp\/v2\/media?parent=3742"}],"wp:term":[{"taxonomy":"product_brand","embeddable":true,"href":"https:\/\/tekspan.com\/pt\/wp-json\/wp\/v2\/product_brand?post=3742"},{"taxonomy":"product_cat","embeddable":true,"href":"https:\/\/tekspan.com\/pt\/wp-json\/wp\/v2\/product_cat?post=3742"},{"taxonomy":"product_tag","embeddable":true,"href":"https:\/\/tekspan.com\/pt\/wp-json\/wp\/v2\/product_tag?post=3742"}],"curies":[{"name":"wp","href":"https:\/\/api.w.org\/{rel}","templated":true}]}}