{"id":4782,"date":"2025-06-02T12:08:55","date_gmt":"2025-06-02T11:08:55","guid":{"rendered":"https:\/\/tekspan.com\/?post_type=product&#038;p=4782"},"modified":"2025-12-03T11:26:44","modified_gmt":"2025-12-03T11:26:44","slug":"conetor-de-forquilha-tekspan-m12","status":"publish","type":"product","link":"https:\/\/tekspan.com\/pt\/product\/conetor-de-forquilha-tekspan-m12\/","title":{"rendered":"Conector de forquilha TekSpan\u00ae M12"},"content":{"rendered":"<p>Ligar ao perfil TekSpan de 100 mm para utilizar como ponto de eleva\u00e7\u00e3o, ou com a forquilha opcional para fornecer tens\u00e3o utilizando a haste roscada M12.<\/p>","protected":false},"excerpt":{"rendered":"<p>Ligar ao perfil TekSpan de 100 mm para utilizar como ponto de eleva\u00e7\u00e3o, ou com a forquilha opcional para fornecer tens\u00e3o utilizando a haste roscada M12.<\/p>","protected":false},"featured_media":4786,"template":"","meta":{"_acf_changed":false,"content-type":""},"product_brand":[],"product_cat":[21,37],"product_tag":[414],"class_list":{"0":"post-4782","1":"product","2":"type-product","3":"status-publish","4":"has-post-thumbnail","6":"product_cat-tekspan-product-range","7":"product_cat-thread-connectors","8":"product_tag-r954-160","10":"first","11":"instock","12":"shipping-taxable","13":"product-type-simple"},"acf":[],"_links":{"self":[{"href":"https:\/\/tekspan.com\/pt\/wp-json\/wp\/v2\/product\/4782","targetHints":{"allow":["GET"]}}],"collection":[{"href":"https:\/\/tekspan.com\/pt\/wp-json\/wp\/v2\/product"}],"about":[{"href":"https:\/\/tekspan.com\/pt\/wp-json\/wp\/v2\/types\/product"}],"wp:featuredmedia":[{"embeddable":true,"href":"https:\/\/tekspan.com\/pt\/wp-json\/wp\/v2\/media\/4786"}],"wp:attachment":[{"href":"https:\/\/tekspan.com\/pt\/wp-json\/wp\/v2\/media?parent=4782"}],"wp:term":[{"taxonomy":"product_brand","embeddable":true,"href":"https:\/\/tekspan.com\/pt\/wp-json\/wp\/v2\/product_brand?post=4782"},{"taxonomy":"product_cat","embeddable":true,"href":"https:\/\/tekspan.com\/pt\/wp-json\/wp\/v2\/product_cat?post=4782"},{"taxonomy":"product_tag","embeddable":true,"href":"https:\/\/tekspan.com\/pt\/wp-json\/wp\/v2\/product_tag?post=4782"}],"curies":[{"name":"wp","href":"https:\/\/api.w.org\/{rel}","templated":true}]}}