{"id":702,"date":"2022-03-30T11:39:07","date_gmt":"2022-03-30T10:39:07","guid":{"rendered":"https:\/\/tekspan.co.uk\/?post_type=product&#038;p=702"},"modified":"2025-12-03T10:59:07","modified_gmt":"2025-12-03T10:59:07","slug":"perfil-tekspan-80x80mm-6m","status":"publish","type":"product","link":"https:\/\/tekspan.com\/pt\/product\/perfil-tekspan-80x80mm-6m\/","title":{"rendered":"TekSpan\u00ae 80x80mm Perfil 6 Metros"},"content":{"rendered":"<p>Molduras de sec\u00e7\u00e3o em caixa de a\u00e7o galvanizado para trabalhos pesados, com a ranhura exclusiva TekSpan para unir componentes e suportes. Fabricados com precis\u00e3o em a\u00e7o de 2,5 mm de espessura e galvanizados por imers\u00e3o a quente com uma espessura m\u00e9dia de zinco de 55 \u00b5m, os perfis TekSpan s\u00e3o fornecidos em comprimentos de 6 m e podem ser unidos ponta a ponta com conjuntos de conectores R954-150. Em conformidade com a norma BS EN 1461.<\/p>","protected":false},"excerpt":{"rendered":"<p>Perfil TekSpan\u00ae pr\u00e9-ranhurado de 80 mm Comprimento.<\/p>\n<p>Tamanhos de corte \u00e0 medida dispon\u00edveis mediante pedido.<\/p>","protected":false},"featured_media":1603,"template":"","meta":{"_acf_changed":false,"content-type":""},"product_brand":[],"product_cat":[34,21],"product_tag":[389],"class_list":{"0":"post-702","1":"product","2":"type-product","3":"status-publish","4":"has-post-thumbnail","6":"product_cat-profiles","7":"product_cat-tekspan-product-range","8":"product_tag-r950-806","10":"first","11":"instock","12":"featured","13":"downloadable","14":"virtual","15":"product-type-simple"},"acf":[],"_links":{"self":[{"href":"https:\/\/tekspan.com\/pt\/wp-json\/wp\/v2\/product\/702","targetHints":{"allow":["GET"]}}],"collection":[{"href":"https:\/\/tekspan.com\/pt\/wp-json\/wp\/v2\/product"}],"about":[{"href":"https:\/\/tekspan.com\/pt\/wp-json\/wp\/v2\/types\/product"}],"wp:featuredmedia":[{"embeddable":true,"href":"https:\/\/tekspan.com\/pt\/wp-json\/wp\/v2\/media\/1603"}],"wp:attachment":[{"href":"https:\/\/tekspan.com\/pt\/wp-json\/wp\/v2\/media?parent=702"}],"wp:term":[{"taxonomy":"product_brand","embeddable":true,"href":"https:\/\/tekspan.com\/pt\/wp-json\/wp\/v2\/product_brand?post=702"},{"taxonomy":"product_cat","embeddable":true,"href":"https:\/\/tekspan.com\/pt\/wp-json\/wp\/v2\/product_cat?post=702"},{"taxonomy":"product_tag","embeddable":true,"href":"https:\/\/tekspan.com\/pt\/wp-json\/wp\/v2\/product_tag?post=702"}],"curies":[{"name":"wp","href":"https:\/\/api.w.org\/{rel}","templated":true}]}}