{"id":827,"date":"2022-04-04T12:09:04","date_gmt":"2022-04-04T11:09:04","guid":{"rendered":"https:\/\/tekspan.co.uk\/?post_type=product&#038;p=827"},"modified":"2025-12-03T11:26:42","modified_gmt":"2025-12-03T11:26:42","slug":"conetor-roscado-tekspan-m10","status":"publish","type":"product","link":"https:\/\/tekspan.com\/pt\/product\/conetor-roscado-tekspan-m10\/","title":{"rendered":"Conector de rosca TekSpan\u00ae M10"},"content":{"rendered":"<p>Conector direto para haste roscada - fornece uma rosca f\u00eamea em M10 que se liga diretamente \u00e0 estrutura TekSpan.<\/p>","protected":false},"excerpt":{"rendered":"<p>Conector de rosca TekSpan<\/p>\n<p>Conector de estrutura para haste roscada, para fixa\u00e7\u00e3o direta de hastes e suspens\u00e3o de hastes roscadas<br \/>\nfixadores.<\/p>","protected":false},"featured_media":1588,"template":"","meta":{"_acf_changed":false,"content-type":""},"product_brand":[],"product_cat":[21,37],"product_tag":[385],"class_list":{"0":"post-827","1":"product","2":"type-product","3":"status-publish","4":"has-post-thumbnail","6":"product_cat-tekspan-product-range","7":"product_cat-thread-connectors","8":"product_tag-r952-060","10":"first","11":"instock","12":"shipping-taxable","13":"product-type-simple"},"acf":[],"_links":{"self":[{"href":"https:\/\/tekspan.com\/pt\/wp-json\/wp\/v2\/product\/827","targetHints":{"allow":["GET"]}}],"collection":[{"href":"https:\/\/tekspan.com\/pt\/wp-json\/wp\/v2\/product"}],"about":[{"href":"https:\/\/tekspan.com\/pt\/wp-json\/wp\/v2\/types\/product"}],"wp:featuredmedia":[{"embeddable":true,"href":"https:\/\/tekspan.com\/pt\/wp-json\/wp\/v2\/media\/1588"}],"wp:attachment":[{"href":"https:\/\/tekspan.com\/pt\/wp-json\/wp\/v2\/media?parent=827"}],"wp:term":[{"taxonomy":"product_brand","embeddable":true,"href":"https:\/\/tekspan.com\/pt\/wp-json\/wp\/v2\/product_brand?post=827"},{"taxonomy":"product_cat","embeddable":true,"href":"https:\/\/tekspan.com\/pt\/wp-json\/wp\/v2\/product_cat?post=827"},{"taxonomy":"product_tag","embeddable":true,"href":"https:\/\/tekspan.com\/pt\/wp-json\/wp\/v2\/product_tag?post=827"}],"curies":[{"name":"wp","href":"https:\/\/api.w.org\/{rel}","templated":true}]}}