{"id":834,"date":"2022-04-04T12:40:32","date_gmt":"2022-04-04T11:40:32","guid":{"rendered":"https:\/\/tekspan.co.uk\/?post_type=product&#038;p=834"},"modified":"2025-12-03T11:26:43","modified_gmt":"2025-12-03T11:26:43","slug":"tekspan-placa-de-base-integral-e-estrutura-720mm-80mm","status":"publish","type":"product","link":"https:\/\/tekspan.com\/pt\/product\/tekspan-placa-de-base-integral-e-estrutura-720mm-80mm\/","title":{"rendered":"TekSpan\u00ae P\u00e9 de placa de base integral de 720 mm e perfil de 80 mm"},"content":{"rendered":"<p>Placa de base integral e sec\u00e7\u00e3o de perfil, com junta soldada. Permite a fixa\u00e7\u00e3o de perfis e suportes na parede ou no ch\u00e3o.<\/p>","protected":false},"excerpt":{"rendered":"<p>Placa de base integral TekSpan\u00ae P\u00e9 e estrutura<br \/>\nP\u00e9 da placa de base integral e sec\u00e7\u00e3o da estrutura, para instala\u00e7\u00f5es a baixa altura e montagem na parede.<\/p>","protected":false},"featured_media":1613,"template":"","meta":{"_acf_changed":false,"content-type":""},"product_brand":[],"product_cat":[48,34,21],"product_tag":[381],"class_list":{"0":"post-834","1":"product","2":"type-product","3":"status-publish","4":"has-post-thumbnail","6":"product_cat-integral-baseplates","7":"product_cat-profiles","8":"product_cat-tekspan-product-range","9":"product_tag-r954-105","11":"first","12":"instock","13":"shipping-taxable","14":"product-type-simple"},"acf":[],"_links":{"self":[{"href":"https:\/\/tekspan.com\/pt\/wp-json\/wp\/v2\/product\/834","targetHints":{"allow":["GET"]}}],"collection":[{"href":"https:\/\/tekspan.com\/pt\/wp-json\/wp\/v2\/product"}],"about":[{"href":"https:\/\/tekspan.com\/pt\/wp-json\/wp\/v2\/types\/product"}],"wp:featuredmedia":[{"embeddable":true,"href":"https:\/\/tekspan.com\/pt\/wp-json\/wp\/v2\/media\/1613"}],"wp:attachment":[{"href":"https:\/\/tekspan.com\/pt\/wp-json\/wp\/v2\/media?parent=834"}],"wp:term":[{"taxonomy":"product_brand","embeddable":true,"href":"https:\/\/tekspan.com\/pt\/wp-json\/wp\/v2\/product_brand?post=834"},{"taxonomy":"product_cat","embeddable":true,"href":"https:\/\/tekspan.com\/pt\/wp-json\/wp\/v2\/product_cat?post=834"},{"taxonomy":"product_tag","embeddable":true,"href":"https:\/\/tekspan.com\/pt\/wp-json\/wp\/v2\/product_tag?post=834"}],"curies":[{"name":"wp","href":"https:\/\/api.w.org\/{rel}","templated":true}]}}