{"id":849,"date":"2022-04-05T11:59:17","date_gmt":"2022-04-05T10:59:17","guid":{"rendered":"https:\/\/tekspan.co.uk\/?post_type=product&#038;p=849"},"modified":"2025-12-03T11:26:44","modified_gmt":"2025-12-03T11:26:44","slug":"anel-adaptador-de-ancoragem-tekspan","status":"publish","type":"product","link":"https:\/\/tekspan.com\/pt\/product\/anel-adaptador-de-ancoragem-tekspan\/","title":{"rendered":"Anel adaptador de ancoragem TekSpan"},"content":{"rendered":"<p>An\u00e9is de inser\u00e7\u00e3o rebaixados, para p\u00e9s de placa de base.<\/p>","protected":false},"excerpt":{"rendered":"<p><span class=\"JsGRdQ\">Anel adaptador de ancoragem TekSpan<\/span><\/p>\n<p><span class=\"JsGRdQ\">Anel de inser\u00e7\u00e3o M16-M12 rebaixado para os p\u00e9s da placa de base, para permitir a utiliza\u00e7\u00e3o de fixa\u00e7\u00f5es M12.<\/span><\/p>","protected":false},"featured_media":1592,"template":"","meta":{"_acf_changed":false,"content-type":""},"product_brand":[],"product_cat":[47,21],"product_tag":[377],"class_list":{"0":"post-849","1":"product","2":"type-product","3":"status-publish","4":"has-post-thumbnail","6":"product_cat-accessories","7":"product_cat-tekspan-product-range","8":"product_tag-r954-155","10":"first","11":"instock","12":"shipping-taxable","13":"product-type-simple"},"acf":[],"_links":{"self":[{"href":"https:\/\/tekspan.com\/pt\/wp-json\/wp\/v2\/product\/849","targetHints":{"allow":["GET"]}}],"collection":[{"href":"https:\/\/tekspan.com\/pt\/wp-json\/wp\/v2\/product"}],"about":[{"href":"https:\/\/tekspan.com\/pt\/wp-json\/wp\/v2\/types\/product"}],"wp:featuredmedia":[{"embeddable":true,"href":"https:\/\/tekspan.com\/pt\/wp-json\/wp\/v2\/media\/1592"}],"wp:attachment":[{"href":"https:\/\/tekspan.com\/pt\/wp-json\/wp\/v2\/media?parent=849"}],"wp:term":[{"taxonomy":"product_brand","embeddable":true,"href":"https:\/\/tekspan.com\/pt\/wp-json\/wp\/v2\/product_brand?post=849"},{"taxonomy":"product_cat","embeddable":true,"href":"https:\/\/tekspan.com\/pt\/wp-json\/wp\/v2\/product_cat?post=849"},{"taxonomy":"product_tag","embeddable":true,"href":"https:\/\/tekspan.com\/pt\/wp-json\/wp\/v2\/product_tag?post=849"}],"curies":[{"name":"wp","href":"https:\/\/api.w.org\/{rel}","templated":true}]}}