{"id":851,"date":"2022-04-05T12:07:51","date_gmt":"2022-04-05T11:07:51","guid":{"rendered":"https:\/\/tekspan.co.uk\/?post_type=product&#038;p=851"},"modified":"2025-12-03T11:26:44","modified_gmt":"2025-12-03T11:26:44","slug":"conjunto-de-conectores-tekspan","status":"publish","type":"product","link":"https:\/\/tekspan.com\/pt\/product\/conjunto-de-conectores-tekspan\/","title":{"rendered":"Conjunto de conectores TekSpan"},"content":{"rendered":"<p>Conjunto de jun\u00e7\u00e3o de duas pe\u00e7as para todos os tamanhos de estrutura TekSpan. Basta ligar a sec\u00e7\u00e3o de perfil interior com parafusos de fixa\u00e7\u00e3o em T.<\/p>","protected":false},"excerpt":{"rendered":"<p class=\"_04xlpA direction-ltr align-start para-style-body\"><span class=\"JsGRdQ\">Conjunto de conectores TekSpan<\/span><\/p>\n<p class=\"_04xlpA direction-ltr align-start para-style-body\"><span class=\"JsGRdQ\">Conjunto de jun\u00e7\u00e3o em linha de duas pe\u00e7as para todos os tamanhos de arma\u00e7\u00e3o TekSpan\u00ae.<\/span><\/p>","protected":false},"featured_media":1591,"template":"","meta":{"_acf_changed":false,"content-type":""},"product_brand":[],"product_cat":[34,21],"product_tag":[376],"class_list":{"0":"post-851","1":"product","2":"type-product","3":"status-publish","4":"has-post-thumbnail","6":"product_cat-profiles","7":"product_cat-tekspan-product-range","8":"product_tag-r954-150","10":"first","11":"instock","12":"shipping-taxable","13":"product-type-simple"},"acf":[],"_links":{"self":[{"href":"https:\/\/tekspan.com\/pt\/wp-json\/wp\/v2\/product\/851","targetHints":{"allow":["GET"]}}],"collection":[{"href":"https:\/\/tekspan.com\/pt\/wp-json\/wp\/v2\/product"}],"about":[{"href":"https:\/\/tekspan.com\/pt\/wp-json\/wp\/v2\/types\/product"}],"wp:featuredmedia":[{"embeddable":true,"href":"https:\/\/tekspan.com\/pt\/wp-json\/wp\/v2\/media\/1591"}],"wp:attachment":[{"href":"https:\/\/tekspan.com\/pt\/wp-json\/wp\/v2\/media?parent=851"}],"wp:term":[{"taxonomy":"product_brand","embeddable":true,"href":"https:\/\/tekspan.com\/pt\/wp-json\/wp\/v2\/product_brand?post=851"},{"taxonomy":"product_cat","embeddable":true,"href":"https:\/\/tekspan.com\/pt\/wp-json\/wp\/v2\/product_cat?post=851"},{"taxonomy":"product_tag","embeddable":true,"href":"https:\/\/tekspan.com\/pt\/wp-json\/wp\/v2\/product_tag?post=851"}],"curies":[{"name":"wp","href":"https:\/\/api.w.org\/{rel}","templated":true}]}}