{"id":859,"date":"2022-04-05T13:00:06","date_gmt":"2022-04-05T12:00:06","guid":{"rendered":"https:\/\/tekspan.co.uk\/?post_type=product&#038;p=859"},"modified":"2025-12-03T11:26:43","modified_gmt":"2025-12-03T11:26:43","slug":"tekspan-90-suporte-de-cruzeta-angular-de-3-furos","status":"publish","type":"product","link":"https:\/\/tekspan.com\/pt\/product\/tekspan-90-suporte-de-cruzeta-angular-de-3-furos\/","title":{"rendered":"TekSpan\u00ae Suporte angular de 3 furos para montagem em cruz para perfil de 80 mm"},"content":{"rendered":"<p>TekSpan\u00ae Suporte angular de 3 furos para montagem em cruz (80 mm)<br \/>\nSuporte de montagem transversal de 90\u00b0 com tr\u00eas orif\u00edcios, permitindo um ajuste longitudinal aquando da instala\u00e7\u00e3o.<\/p>","protected":false},"excerpt":{"rendered":"<p class=\"_04xlpA direction-ltr align-start para-style-body\"><span class=\"JsGRdQ\">Suporte de montagem transversal de 90\u00b0 com tr\u00eas orif\u00edcios, permitindo um ajuste longitudinal aquando da instala\u00e7\u00e3o.<\/span><\/p>","protected":false},"featured_media":1629,"template":"","meta":{"_acf_changed":false,"content-type":""},"product_brand":[],"product_cat":[40,21],"product_tag":[372],"class_list":{"0":"post-859","1":"product","2":"type-product","3":"status-publish","4":"has-post-thumbnail","6":"product_cat-brackets","7":"product_cat-tekspan-product-range","8":"product_tag-r954-116","10":"first","11":"instock","12":"shipping-taxable","13":"product-type-simple"},"acf":[],"_links":{"self":[{"href":"https:\/\/tekspan.com\/pt\/wp-json\/wp\/v2\/product\/859","targetHints":{"allow":["GET"]}}],"collection":[{"href":"https:\/\/tekspan.com\/pt\/wp-json\/wp\/v2\/product"}],"about":[{"href":"https:\/\/tekspan.com\/pt\/wp-json\/wp\/v2\/types\/product"}],"wp:featuredmedia":[{"embeddable":true,"href":"https:\/\/tekspan.com\/pt\/wp-json\/wp\/v2\/media\/1629"}],"wp:attachment":[{"href":"https:\/\/tekspan.com\/pt\/wp-json\/wp\/v2\/media?parent=859"}],"wp:term":[{"taxonomy":"product_brand","embeddable":true,"href":"https:\/\/tekspan.com\/pt\/wp-json\/wp\/v2\/product_brand?post=859"},{"taxonomy":"product_cat","embeddable":true,"href":"https:\/\/tekspan.com\/pt\/wp-json\/wp\/v2\/product_cat?post=859"},{"taxonomy":"product_tag","embeddable":true,"href":"https:\/\/tekspan.com\/pt\/wp-json\/wp\/v2\/product_tag?post=859"}],"curies":[{"name":"wp","href":"https:\/\/api.w.org\/{rel}","templated":true}]}}